{"id":11,"date":"2022-06-02T14:34:54","date_gmt":"2022-06-02T19:34:54","guid":{"rendered":"https:\/\/info.napo.gob.ec\/?page_id=11"},"modified":"2022-07-21T11:42:54","modified_gmt":"2022-07-21T16:42:54","slug":"desarrollo-y-ordenamiento-territorial","status":"publish","type":"page","link":"https:\/\/info.napo.gob.ec\/?page_id=11","title":{"rendered":"Plan de Desarrollo y Ordenamiento Territorial (PDOT) de Napo"},"content":{"rendered":"\n<p><strong>Actualizaci\u00f3n del PDOT Provincial<\/strong><\/p>\n\n\n\n<p>El Gobierno Aut\u00f3nomo Descentralizado Provincial de Napo como ejecutor principal del proyecto \u201cConservaci\u00f3n y Buen Vivir GEF Napo\u201d con el apoyo de The Nature Conservancy (TNC) a trav\u00e9s del proyecto denominado \u201cPlanificaci\u00f3n territorial en mosaicos ind\u00edgenas\u201d; han formalizado acciones de cooperaci\u00f3n y trabajo en conjunto para la actualizaci\u00f3n y consecuente aprobaci\u00f3n del Plan de Desarrollo y Ordenamiento Territorial para la provincia de Napo.<\/p>\n\n\n\n<p>La actualizaci\u00f3n del PDOT tiene como objetivo principal fortalecer la tem\u00e1tica ambiental en la gesti\u00f3n territorial de Napo con enfoques, acciones y pol\u00edticas de conservaci\u00f3n de la biodiversidad y el manejo sustentable del territorio, con especial referencia a la protecci\u00f3n y provisi\u00f3n de servicios ecositemicos. Para ello se ha previsto la inclusi\u00f3n de herramientas generadas en el marco de la zonificaci\u00f3n ecol\u00f3gica econ\u00f3mica de Napo, criterios e indicadores de sostenibilidad ambiental que garantizan la incorporaci\u00f3n de estrategias de conservaci\u00f3n y uso sostenible de los recursos naturales renovables a nivel provincial.<\/p>\n\n\n\n<p>El contar en este momento con una herramienta actualizada a los cambios y la realidad de la provincia; le permite al gobierno provincial tener una visi\u00f3n integral del territorio y cumplir con el rol de gobierno intermedio para articular y fortalecer la integraci\u00f3n sub-nacional; con miras hacia la actualizaci\u00f3n de los PDOT en los otros niveles de Gobierno<\/p>\n\n\n\n<figure class=\"wp-block-image size-full is-resized\"><img loading=\"lazy\" decoding=\"async\" src=\"https:\/\/info.napo.gob.ec\/wp-content\/uploads\/2022\/06\/ord_pdot.jpg\" alt=\"\" class=\"wp-image-818\" width=\"651\" height=\"366\" srcset=\"https:\/\/info.napo.gob.ec\/wp-content\/uploads\/2022\/06\/ord_pdot.jpg 445w, https:\/\/info.napo.gob.ec\/wp-content\/uploads\/2022\/06\/ord_pdot-300x169.jpg 300w\" sizes=\"auto, (max-width: 651px) 100vw, 651px\" \/><\/figure>\n","protected":false},"excerpt":{"rendered":"<p>Actualizaci\u00f3n del PDOT Provincial El Gobierno Aut\u00f3nomo Descentralizado Provincial de Napo como ejecutor principal del proyecto \u201cConservaci\u00f3n y Buen Vivir GEF Napo\u201d con el apoyo de The Nature Conservancy (TNC) a trav\u00e9s del proyecto denominado \u201cPlanificaci\u00f3n territorial en mosaicos ind\u00edgenas\u201d; han formalizado acciones de cooperaci\u00f3n y trabajo en conjunto para la actualizaci\u00f3n y consecuente aprobaci\u00f3n [&hellip;]<\/p>\n","protected":false},"author":1,"featured_media":0,"parent":0,"menu_order":0,"comment_status":"closed","ping_status":"closed","template":"wp-custom-template-ordenamiento-territorial-template","meta":{"footnotes":""},"class_list":["post-11","page","type-page","status-publish","hentry"],"_links":{"self":[{"href":"https:\/\/info.napo.gob.ec\/index.php?rest_route=\/wp\/v2\/pages\/11","targetHints":{"allow":["GET"]}}],"collection":[{"href":"https:\/\/info.napo.gob.ec\/index.php?rest_route=\/wp\/v2\/pages"}],"about":[{"href":"https:\/\/info.napo.gob.ec\/index.php?rest_route=\/wp\/v2\/types\/page"}],"author":[{"embeddable":true,"href":"https:\/\/info.napo.gob.ec\/index.php?rest_route=\/wp\/v2\/users\/1"}],"replies":[{"embeddable":true,"href":"https:\/\/info.napo.gob.ec\/index.php?rest_route=%2Fwp%2Fv2%2Fcomments&post=11"}],"version-history":[{"count":6,"href":"https:\/\/info.napo.gob.ec\/index.php?rest_route=\/wp\/v2\/pages\/11\/revisions"}],"predecessor-version":[{"id":1673,"href":"https:\/\/info.napo.gob.ec\/index.php?rest_route=\/wp\/v2\/pages\/11\/revisions\/1673"}],"wp:attachment":[{"href":"https:\/\/info.napo.gob.ec\/index.php?rest_route=%2Fwp%2Fv2%2Fmedia&parent=11"}],"curies":[{"name":"wp","href":"https:\/\/api.w.org\/{rel}","templated":true}]}}