{"id":13,"date":"2022-06-02T14:35:03","date_gmt":"2022-06-02T19:35:03","guid":{"rendered":"https:\/\/info.napo.gob.ec\/?page_id=13"},"modified":"2022-08-09T13:15:17","modified_gmt":"2022-08-09T18:15:17","slug":"programas-y-mecanismos-de-incentivos","status":"publish","type":"page","link":"https:\/\/info.napo.gob.ec\/?page_id=13","title":{"rendered":"Una herramienta para la gesti\u00f3n de recursos a largo plazo destinados al desarrollo sostenible y la conservaci\u00f3n del agua del Napo"},"content":{"rendered":"\n<div class=\"wp-block-group alignfull is-layout-flow wp-block-group-is-layout-flow\">\n<p>La provincia de Napo, ubicada en la parte centro norte de la amazonia ecuatoriana, reconocida por su alta biodiversidad, bosques y abundancia de recursos h\u00eddricos, comprende un \u00e1rea de 1\u00b4253.312 ha distribuidas en 5 cantones y en rangos altitudinales que van desde los 260 a 5720 metros.<\/p>\n\n\n\n<p>Alrededor del 62,6 % de la superficie de la provincia est\u00e1 cubierta por tierras forestales, el 18,3% de vegetaci\u00f3n arbustiva y herb\u00e1cea y el 15,7% de actividades agropecuarias. El 71% de la superficie total de la provincia est\u00e1 bajo alguna categor\u00eda de conservaci\u00f3n legalmente reconocida; sin embargo, existen un total de 551.662 ha que son nichos de especies raras y que proveen bienes y servicios ambientales a los cantones de la provincia de Napo que no est\u00e1n protegidos ni conservados; existen 141.227 ha de ecosistemas degradados que necesitan ser restaurados; y 47.078 ha de sistemas productivos con suelos erosionados que requieren ser mejorados.<\/p>\n\n\n\n<p>El <strong>Fondo para el Desarrollo Sostenible y Conservaci\u00f3n del Agua del Napo FODESNA<\/strong>, fue uno de los resultados del Proyecto \u201cConservaci\u00f3n y Buen vivir\u201d, implementado por FAO con recursos del GEF y constituye el primer Fideicomiso Mercantil con fines de conservaci\u00f3n de la regi\u00f3n amaz\u00f3nica del Ecuador.<\/p>\n\n\n\n<p>La gesti\u00f3n del FODESNA se desarrolla a trav\u00e9s de una estructura org\u00e1nico funcional, basada en la minuta de constituci\u00f3n, que incluye: la Junta de Fideicomiso, el Directorio y la Secretar\u00eda T\u00e9cnica, esta \u00faltima constituye el \u00f3rgano ejecutor y asesor del Fideicomiso, cuyo prop\u00f3sito fundamental es proporcionar opini\u00f3n t\u00e9cnica, gesti\u00f3n de recursos financieros, seguimiento y monitoreo de proyectos, de manera oportuna, relevante y completa en base a las resoluciones del Directorio y la Junta del FODESNA, por lo cual, su estructuraci\u00f3n es esencial para la fase actual de operaci\u00f3n amplia del fideicomiso.<\/p>\n\n\n\n<p>Los objetivos del FODESNA comprenden el financiamiento de iniciativas o proyectos orientados: <\/p>\n\n\n\n<ol class=\"wp-block-list\"><li>Al fortalecimiento institucional para la gesti\u00f3n ambiental; <\/li><li>La conservaci\u00f3n y restauraci\u00f3n de las funciones y servicios de los ecosistemas naturales y; <\/li><li>El fortalecimiento de los emprendimientos para el uso sostenible de la biodiversidad y el desarrollo de la bio econom\u00eda local.<\/li><\/ol>\n\n\n\n<p>Este fondo est\u00e1 constituido por Gobierno Aut\u00f3nomo Descentralizado Provincial de Napo; Asociaci\u00f3n Agroartesanal de Producci\u00f3n de Bienes agr\u00edcolas, pecuarios y pisc\u00edcolas de Napo \u201cKallari\u201d; y la Asociaci\u00f3n de Productores de Cacao Fino de Aroma de Carlos Julio Arosemena Tola \u201cTsaTsayaku\u201d, y es una excelente herramienta para la gesti\u00f3n de recursos nacionales e internacionales que apoyen a la conservaci\u00f3n de los ecosistemas y la producci\u00f3n sostenible de Napo.<\/p>\n\n\n\n<p>Bajo este contexto, el FODESNA inici\u00f3 sus operaciones para el cumplimiento de los objetivos planteados mediante su primera reuni\u00f3n de Junta de constituyentes y reuniones de Directorio en las cuales se aprob\u00f3 la normativa interna que rige el funcionamiento del fondo. Actualmente se est\u00e1n solventando temas administrativos para la operaci\u00f3n adecuada del Fideicomiso, adem\u00e1s de la consecuci\u00f3n de nuevas adherencias o aportes que incrementen el patrimonio disponible, con el fin apoyar al financiamiento de proyectos planes, programas, estudios e investigaciones, que contribuyan al desarrollo sostenible y conservaci\u00f3n de las cuencas h\u00eddricas de la provincia de Napo.<\/p>\n\n\n\n<figure class=\"wp-block-image size-large\"><img loading=\"lazy\" decoding=\"async\" width=\"1024\" height=\"768\" src=\"https:\/\/info.napo.gob.ec\/wp-content\/uploads\/2022\/07\/primeraReunionJuntaFODESNA-1024x768.png\" alt=\"\" class=\"wp-image-1757\" srcset=\"https:\/\/info.napo.gob.ec\/wp-content\/uploads\/2022\/07\/primeraReunionJuntaFODESNA-1024x768.png 1024w, https:\/\/info.napo.gob.ec\/wp-content\/uploads\/2022\/07\/primeraReunionJuntaFODESNA-300x225.png 300w, https:\/\/info.napo.gob.ec\/wp-content\/uploads\/2022\/07\/primeraReunionJuntaFODESNA-768x576.png 768w, https:\/\/info.napo.gob.ec\/wp-content\/uploads\/2022\/07\/primeraReunionJuntaFODESNA.png 1084w\" sizes=\"auto, (max-width: 1024px) 100vw, 1024px\" \/><figcaption><strong>Fotograf\u00eda 1.<\/strong> Primera reuni\u00f3n de Junta del FODESNA<\/figcaption><\/figure>\n\n\n\n<figure class=\"wp-block-image size-large\"><img loading=\"lazy\" decoding=\"async\" width=\"1024\" height=\"768\" src=\"https:\/\/info.napo.gob.ec\/wp-content\/uploads\/2022\/07\/reunionesGobiernosAutonomosGestionAdherenciasAportesFODESNA-1024x768.png\" alt=\"\" class=\"wp-image-1760\" srcset=\"https:\/\/info.napo.gob.ec\/wp-content\/uploads\/2022\/07\/reunionesGobiernosAutonomosGestionAdherenciasAportesFODESNA-1024x768.png 1024w, https:\/\/info.napo.gob.ec\/wp-content\/uploads\/2022\/07\/reunionesGobiernosAutonomosGestionAdherenciasAportesFODESNA-300x225.png 300w, https:\/\/info.napo.gob.ec\/wp-content\/uploads\/2022\/07\/reunionesGobiernosAutonomosGestionAdherenciasAportesFODESNA-768x576.png 768w, https:\/\/info.napo.gob.ec\/wp-content\/uploads\/2022\/07\/reunionesGobiernosAutonomosGestionAdherenciasAportesFODESNA.png 1082w\" sizes=\"auto, (max-width: 1024px) 100vw, 1024px\" \/><figcaption><strong>Fotograf\u00eda 2.<\/strong> Reuniones con Gobiernos Aut\u00f3nomos de la provincia para gesti\u00f3n de adherencias o aportes al FODESNA (GAD Parroquial de Cuyuja).<\/figcaption><\/figure>\n<\/div>\n","protected":false},"excerpt":{"rendered":"<p>La provincia de Napo, ubicada en la parte centro norte de la amazonia ecuatoriana, reconocida por su alta biodiversidad, bosques y abundancia de recursos h\u00eddricos, comprende un \u00e1rea de 1\u00b4253.312 ha distribuidas en 5 cantones y en rangos altitudinales que van desde los 260 a 5720 metros. Alrededor del 62,6 % de la superficie de [&hellip;]<\/p>\n","protected":false},"author":1,"featured_media":0,"parent":0,"menu_order":0,"comment_status":"closed","ping_status":"closed","template":"wp-custom-template-incentivos-template","meta":{"footnotes":""},"class_list":["post-13","page","type-page","status-publish","hentry"],"_links":{"self":[{"href":"https:\/\/info.napo.gob.ec\/index.php?rest_route=\/wp\/v2\/pages\/13","targetHints":{"allow":["GET"]}}],"collection":[{"href":"https:\/\/info.napo.gob.ec\/index.php?rest_route=\/wp\/v2\/pages"}],"about":[{"href":"https:\/\/info.napo.gob.ec\/index.php?rest_route=\/wp\/v2\/types\/page"}],"author":[{"embeddable":true,"href":"https:\/\/info.napo.gob.ec\/index.php?rest_route=\/wp\/v2\/users\/1"}],"replies":[{"embeddable":true,"href":"https:\/\/info.napo.gob.ec\/index.php?rest_route=%2Fwp%2Fv2%2Fcomments&post=13"}],"version-history":[{"count":21,"href":"https:\/\/info.napo.gob.ec\/index.php?rest_route=\/wp\/v2\/pages\/13\/revisions"}],"predecessor-version":[{"id":2604,"href":"https:\/\/info.napo.gob.ec\/index.php?rest_route=\/wp\/v2\/pages\/13\/revisions\/2604"}],"wp:attachment":[{"href":"https:\/\/info.napo.gob.ec\/index.php?rest_route=%2Fwp%2Fv2%2Fmedia&parent=13"}],"curies":[{"name":"wp","href":"https:\/\/api.w.org\/{rel}","templated":true}]}}