{"id":1346,"date":"2022-07-12T11:46:36","date_gmt":"2022-07-12T16:46:36","guid":{"rendered":"https:\/\/info.napo.gob.ec\/?page_id=1346"},"modified":"2022-07-21T14:08:49","modified_gmt":"2022-07-21T19:08:49","slug":"incentivos-para-la-conservacion-y-uso-sostenible","status":"publish","type":"page","link":"https:\/\/info.napo.gob.ec\/?page_id=1346","title":{"rendered":""},"content":{"rendered":"\n<div class=\"wp-block-group alignfull is-layout-flow wp-block-group-is-layout-flow\">\n<p>En la provincia de Napo, al respecto de la conservaci\u00f3n y uso sostenible de recursos naturales, se est\u00e1n implementando programas y mecanismos de incentivos, los mismos que buscan ser fortalecidos y articulados entre los actores claves de la provincia. Para esto se han definido actividades que est\u00e9n enfocadas en brindar asistencia t\u00e9cnica para fortalecer los mecanismos de incentivos monetarios y no monetarios. A continuaci\u00f3n algunos de estos programas y mecanismos:<\/p>\n<\/div>\n\n\n\n<div class=\"wp-block-columns alignfull is-layout-flex wp-container-core-columns-is-layout-28f84493 wp-block-columns-is-layout-flex\">\n<div class=\"wp-block-column is-vertically-aligned-center is-layout-flow wp-block-column-is-layout-flow\">\n<figure class=\"wp-block-image aligncenter size-full is-resized\"><a href=\"https:\/\/sociobosque.ambiente.gob.ec\/\"><img loading=\"lazy\" decoding=\"async\" src=\"https:\/\/info.napo.gob.ec\/wp-content\/uploads\/2022\/06\/socioBosque.jpg\" alt=\"\" class=\"wp-image-853\" width=\"386\" height=\"120\" srcset=\"https:\/\/info.napo.gob.ec\/wp-content\/uploads\/2022\/06\/socioBosque.jpg 799w, https:\/\/info.napo.gob.ec\/wp-content\/uploads\/2022\/06\/socioBosque-300x94.jpg 300w, https:\/\/info.napo.gob.ec\/wp-content\/uploads\/2022\/06\/socioBosque-768x240.jpg 768w\" sizes=\"auto, (max-width: 386px) 100vw, 386px\" \/><\/a><\/figure>\n<\/div>\n\n\n\n<div class=\"wp-block-column is-layout-flow wp-block-column-is-layout-flow\">\n<figure class=\"wp-block-image aligncenter size-full is-resized\"><a href=\"https:\/\/spf.agricultura.gob.ec\/\"><img decoding=\"async\" src=\"https:\/\/info.napo.gob.ec\/wp-content\/uploads\/2022\/06\/magLogo.jpg\" alt=\"\" class=\"wp-image-855\" width=\"-84\" height=\"-29\" srcset=\"https:\/\/info.napo.gob.ec\/wp-content\/uploads\/2022\/06\/magLogo.jpg 813w, https:\/\/info.napo.gob.ec\/wp-content\/uploads\/2022\/06\/magLogo-300x102.jpg 300w, https:\/\/info.napo.gob.ec\/wp-content\/uploads\/2022\/06\/magLogo-768x261.jpg 768w\" sizes=\"(max-width: 813px) 100vw, 813px\" \/><\/a><\/figure>\n<\/div>\n<\/div>\n\n\n\n<div class=\"wp-block-columns is-layout-flex wp-container-core-columns-is-layout-28f84493 wp-block-columns-is-layout-flex\">\n<div class=\"wp-block-column is-layout-flow wp-block-column-is-layout-flow\">\n<figure class=\"wp-block-image aligncenter size-medium is-resized\"><a href=\"https:\/\/www.napoamazonia.com\"><img loading=\"lazy\" decoding=\"async\" src=\"https:\/\/info.napo.gob.ec\/wp-content\/uploads\/2022\/07\/logoInstitucional-300x278.png\" alt=\"\" class=\"wp-image-1990\" width=\"150\" height=\"139\" srcset=\"https:\/\/info.napo.gob.ec\/wp-content\/uploads\/2022\/07\/logoInstitucional-300x278.png 300w, https:\/\/info.napo.gob.ec\/wp-content\/uploads\/2022\/07\/logoInstitucional.png 500w\" sizes=\"auto, (max-width: 150px) 100vw, 150px\" \/><\/a><\/figure>\n<\/div>\n\n\n\n<div class=\"wp-block-column is-layout-flow wp-block-column-is-layout-flow\">\n<figure class=\"wp-block-gallery aligncenter has-nested-images columns-default is-cropped wp-block-gallery-2 is-layout-flex wp-block-gallery-is-layout-flex\">\n<figure class=\"wp-block-image aligncenter size-full is-resized\"><a href=\"https:\/\/www.fao.org\/ecuador\/es\/\"><img loading=\"lazy\" decoding=\"async\" data-id=\"857\" src=\"https:\/\/info.napo.gob.ec\/wp-content\/uploads\/2022\/06\/proyectosGEFLogosExtendido.png\" alt=\"\" class=\"wp-image-857\" width=\"623\" height=\"246\"\/><\/a><\/figure>\n<\/figure>\n<\/div>\n<\/div>\n\n\n\n<div class=\"wp-block-columns is-layout-flex wp-container-core-columns-is-layout-28f84493 wp-block-columns-is-layout-flex\">\n<div class=\"wp-block-column is-layout-flow wp-block-column-is-layout-flow\">\n<figure class=\"wp-block-image aligncenter size-full is-resized\"><a href=\"https:\/\/www.facebook.com\/PROAmazoniaEC\/\"><img loading=\"lazy\" decoding=\"async\" src=\"https:\/\/info.napo.gob.ec\/wp-content\/uploads\/2022\/06\/proamazonia.jpg\" alt=\"\" class=\"wp-image-858\" width=\"362\" height=\"164\" srcset=\"https:\/\/info.napo.gob.ec\/wp-content\/uploads\/2022\/06\/proamazonia.jpg 635w, https:\/\/info.napo.gob.ec\/wp-content\/uploads\/2022\/06\/proamazonia-300x137.jpg 300w\" sizes=\"auto, (max-width: 362px) 100vw, 362px\" \/><\/a><\/figure>\n<\/div>\n\n\n\n<div class=\"wp-block-column is-layout-flow wp-block-column-is-layout-flow\">\n<figure class=\"wp-block-image aligncenter size-large is-resized\"><a href=\"https:\/\/www.giz.de\/en\/worldwide\/28451.html\"><img loading=\"lazy\" decoding=\"async\" src=\"https:\/\/info.napo.gob.ec\/wp-content\/uploads\/2022\/06\/giz-1-1024x350.jpg\" alt=\"\" class=\"wp-image-863\" width=\"459\" height=\"155\"\/><\/a><\/figure>\n<\/div>\n<\/div>\n\n\n\n<div class=\"wp-block-columns is-layout-flex wp-container-core-columns-is-layout-28f84493 wp-block-columns-is-layout-flex\">\n<div class=\"wp-block-column is-layout-flow wp-block-column-is-layout-flow\">\n<figure class=\"wp-block-image size-full is-resized\"><a href=\"https:\/\/www.agricultura.gob.ec\/agenda-de-transformacion-productiva-amazonica-reconversion-agroproductiva-sostenible-en-la-amazonia-ecuatoriana\/\"><img decoding=\"async\" src=\"https:\/\/info.napo.gob.ec\/wp-content\/uploads\/2022\/06\/magLogo.jpg\" alt=\"\" class=\"wp-image-855\" width=\"-52\" height=\"-18\" srcset=\"https:\/\/info.napo.gob.ec\/wp-content\/uploads\/2022\/06\/magLogo.jpg 813w, https:\/\/info.napo.gob.ec\/wp-content\/uploads\/2022\/06\/magLogo-300x102.jpg 300w, https:\/\/info.napo.gob.ec\/wp-content\/uploads\/2022\/06\/magLogo-768x261.jpg 768w\" sizes=\"(max-width: 813px) 100vw, 813px\" \/><\/a><\/figure>\n<\/div>\n\n\n\n<div class=\"wp-block-column is-layout-flow wp-block-column-is-layout-flow\">\n<figure class=\"wp-block-image size-full is-resized\"><a href=\"https:\/\/www.fao.org\/forest-farm-facility\/es\/\"><img loading=\"lazy\" decoding=\"async\" src=\"https:\/\/info.napo.gob.ec\/wp-content\/uploads\/2022\/06\/bosquesYFincasMin.png\" alt=\"\" class=\"wp-image-861\" width=\"391\" height=\"173\"\/><\/a><\/figure>\n<\/div>\n<\/div>\n\n\n\n<div class=\"wp-block-columns is-layout-flex wp-container-core-columns-is-layout-28f84493 wp-block-columns-is-layout-flex\">\n<div class=\"wp-block-column is-layout-flow wp-block-column-is-layout-flow\">\n<figure class=\"wp-block-image size-full is-resized\"><a href=\"https:\/\/maquita.com.ec\/\"><img loading=\"lazy\" decoding=\"async\" src=\"https:\/\/info.napo.gob.ec\/wp-content\/uploads\/2022\/06\/maquitaLogo.png\" alt=\"\" class=\"wp-image-859\" width=\"332\" height=\"114\" srcset=\"https:\/\/info.napo.gob.ec\/wp-content\/uploads\/2022\/06\/maquitaLogo.png 400w, https:\/\/info.napo.gob.ec\/wp-content\/uploads\/2022\/06\/maquitaLogo-300x104.png 300w\" sizes=\"auto, (max-width: 332px) 100vw, 332px\" \/><\/a><\/figure>\n<\/div>\n\n\n\n<div class=\"wp-block-column is-layout-flow wp-block-column-is-layout-flow\">\n<figure class=\"wp-block-image size-large is-resized\"><a href=\"https:\/\/www.engiminternazionale.org\/ong\/component\/tags\/tag\/tena.html\"><img loading=\"lazy\" decoding=\"async\" src=\"https:\/\/info.napo.gob.ec\/wp-content\/uploads\/2022\/06\/engimLogo-1024x404.png\" alt=\"\" class=\"wp-image-860\" width=\"346\" height=\"136\" srcset=\"https:\/\/info.napo.gob.ec\/wp-content\/uploads\/2022\/06\/engimLogo-1024x404.png 1024w, https:\/\/info.napo.gob.ec\/wp-content\/uploads\/2022\/06\/engimLogo-300x118.png 300w, https:\/\/info.napo.gob.ec\/wp-content\/uploads\/2022\/06\/engimLogo-768x303.png 768w, https:\/\/info.napo.gob.ec\/wp-content\/uploads\/2022\/06\/engimLogo-1536x606.png 1536w, https:\/\/info.napo.gob.ec\/wp-content\/uploads\/2022\/06\/engimLogo.png 1983w\" sizes=\"auto, (max-width: 346px) 100vw, 346px\" \/><\/a><\/figure>\n<\/div>\n<\/div>\n\n\n\n<div class=\"wp-block-group is-layout-flow wp-block-group-is-layout-flow\">\n<h2 class=\"wp-block-heading\">Logros:<\/h2>\n\n\n\n<ul class=\"wp-block-list\"><li>Establecimiento de un canal de coordinaci\u00f3n con los t\u00e9cnicos del Programa \u201cSocio Bosque\u201d para brindar apoyo en la actualizaci\u00f3n de los planes de vida y planes de inversi\u00f3n de los socios comunitarios e inclusi\u00f3n de criterios ambientales para el desarrollo de actividades productivas identificadas en la elaboraci\u00f3n de los planes de co-manejo de las comunidades del Pueblo Kichwa Rucullacta (PKR) y del estudio para el desarrollo de siete emprendimientos de Ecoturismo Comunitario.<\/li><li>Apoyo para la implementaci\u00f3n de una planta de bebidas energizante de Guayusa (Ilex guayusa), para las comunidades que conforman la Asociaci\u00f3n \u201cGuayusa Ruku Kawsay\u201d del Pueblo Kichwa Rucullacta (PKR), con un costo aproximado de 20.000 d\u00f3lares americano. Tambi\u00e9n se apoya econ\u00f3micamente y t\u00e9cnicamente para la obtenci\u00f3n del registro sanitario de 3 productos de bebidas energizantes.<\/li><\/ul>\n\n\n\n<figure class=\"wp-block-image aligncenter size-full\"><img loading=\"lazy\" decoding=\"async\" width=\"485\" height=\"323\" src=\"https:\/\/info.napo.gob.ec\/wp-content\/uploads\/2022\/06\/inc_imagen_3.png\" alt=\"\" class=\"wp-image-867\" srcset=\"https:\/\/info.napo.gob.ec\/wp-content\/uploads\/2022\/06\/inc_imagen_3.png 485w, https:\/\/info.napo.gob.ec\/wp-content\/uploads\/2022\/06\/inc_imagen_3-300x200.png 300w\" sizes=\"auto, (max-width: 485px) 100vw, 485px\" \/><\/figure>\n<\/div>\n","protected":false},"excerpt":{"rendered":"<p>En la provincia de Napo, al respecto de la conservaci\u00f3n y uso sostenible de recursos naturales, se est\u00e1n implementando programas y mecanismos de incentivos, los mismos que buscan ser fortalecidos y articulados entre los actores claves de la provincia. Para esto se han definido actividades que est\u00e9n enfocadas en brindar asistencia t\u00e9cnica para fortalecer los [&hellip;]<\/p>\n","protected":false},"author":1,"featured_media":0,"parent":0,"menu_order":0,"comment_status":"closed","ping_status":"closed","template":"wp-custom-template-incentivos-template","meta":{"footnotes":""},"class_list":["post-1346","page","type-page","status-publish","hentry"],"_links":{"self":[{"href":"https:\/\/info.napo.gob.ec\/index.php?rest_route=\/wp\/v2\/pages\/1346","targetHints":{"allow":["GET"]}}],"collection":[{"href":"https:\/\/info.napo.gob.ec\/index.php?rest_route=\/wp\/v2\/pages"}],"about":[{"href":"https:\/\/info.napo.gob.ec\/index.php?rest_route=\/wp\/v2\/types\/page"}],"author":[{"embeddable":true,"href":"https:\/\/info.napo.gob.ec\/index.php?rest_route=\/wp\/v2\/users\/1"}],"replies":[{"embeddable":true,"href":"https:\/\/info.napo.gob.ec\/index.php?rest_route=%2Fwp%2Fv2%2Fcomments&post=1346"}],"version-history":[{"count":20,"href":"https:\/\/info.napo.gob.ec\/index.php?rest_route=\/wp\/v2\/pages\/1346\/revisions"}],"predecessor-version":[{"id":1994,"href":"https:\/\/info.napo.gob.ec\/index.php?rest_route=\/wp\/v2\/pages\/1346\/revisions\/1994"}],"wp:attachment":[{"href":"https:\/\/info.napo.gob.ec\/index.php?rest_route=%2Fwp%2Fv2%2Fmedia&parent=1346"}],"curies":[{"name":"wp","href":"https:\/\/api.w.org\/{rel}","templated":true}]}}