{"id":17,"date":"2022-06-02T14:35:58","date_gmt":"2022-06-02T19:35:58","guid":{"rendered":"https:\/\/info.napo.gob.ec\/?page_id=17"},"modified":"2022-07-22T16:06:36","modified_gmt":"2022-07-22T21:06:36","slug":"informacion-geografica-geovisor","status":"publish","type":"page","link":"https:\/\/info.napo.gob.ec\/?page_id=17","title":{"rendered":""},"content":{"rendered":"\n<div class=\"wp-block-cover alignwide\"><span aria-hidden=\"true\" class=\"wp-block-cover__background has-background-dim\"><\/span><img loading=\"lazy\" decoding=\"async\" width=\"1600\" height=\"700\" class=\"wp-block-cover__image-background wp-image-2321\" alt=\"\" src=\"https:\/\/info.napo.gob.ec\/wp-content\/uploads\/2022\/07\/banner_slider_infra_2.jpg\" data-object-fit=\"cover\" srcset=\"https:\/\/info.napo.gob.ec\/wp-content\/uploads\/2022\/07\/banner_slider_infra_2.jpg 1600w, https:\/\/info.napo.gob.ec\/wp-content\/uploads\/2022\/07\/banner_slider_infra_2-300x131.jpg 300w, https:\/\/info.napo.gob.ec\/wp-content\/uploads\/2022\/07\/banner_slider_infra_2-1024x448.jpg 1024w, https:\/\/info.napo.gob.ec\/wp-content\/uploads\/2022\/07\/banner_slider_infra_2-768x336.jpg 768w, https:\/\/info.napo.gob.ec\/wp-content\/uploads\/2022\/07\/banner_slider_infra_2-1536x672.jpg 1536w\" sizes=\"auto, (max-width: 1600px) 100vw, 1600px\" \/><div class=\"wp-block-cover__inner-container is-layout-flow wp-block-cover-is-layout-flow\">\n<p class=\"has-text-align-center has-large-font-size\"><strong>Im\u00e1genes satelitales de la provincia de Napo<\/strong><\/p>\n\n\n\n<p><strong>En este espacio se cuenta con un repositorio digital de im\u00e1genes satelitales, mapas de base y mapas tem\u00e1ticos que han sido desarrollados por actores de las entidades publicas y privadas, instituciones de la academia y organismos internacionales, sobre la Provincia de Napo. Esta informaci\u00f3n esta en constante proceso de recopilaci\u00f3n, an\u00e1lisis y referenciaci\u00f3n.<\/strong><\/p>\n<\/div><\/div>\n\n\n\n<div class=\"wp-block-cover alignwide is-light\"><span aria-hidden=\"true\" class=\"wp-block-cover__background has-background-dim\"><\/span><img loading=\"lazy\" decoding=\"async\" width=\"1600\" height=\"700\" class=\"wp-block-cover__image-background wp-image-2325\" alt=\"\" src=\"https:\/\/info.napo.gob.ec\/wp-content\/uploads\/2022\/07\/banner_slider_infra_3.jpg\" data-object-fit=\"cover\" srcset=\"https:\/\/info.napo.gob.ec\/wp-content\/uploads\/2022\/07\/banner_slider_infra_3.jpg 1600w, https:\/\/info.napo.gob.ec\/wp-content\/uploads\/2022\/07\/banner_slider_infra_3-300x131.jpg 300w, https:\/\/info.napo.gob.ec\/wp-content\/uploads\/2022\/07\/banner_slider_infra_3-1024x448.jpg 1024w, https:\/\/info.napo.gob.ec\/wp-content\/uploads\/2022\/07\/banner_slider_infra_3-768x336.jpg 768w, https:\/\/info.napo.gob.ec\/wp-content\/uploads\/2022\/07\/banner_slider_infra_3-1536x672.jpg 1536w\" sizes=\"auto, (max-width: 1600px) 100vw, 1600px\" \/><div class=\"wp-block-cover__inner-container is-layout-flow wp-block-cover-is-layout-flow\">\n<p class=\"has-text-align-center has-background-color has-text-color has-large-font-size\"><strong>Servicios para el consumo de informaci\u00f3n<\/strong><\/p>\n\n\n\n<p class=\"has-background-color has-text-color\"><strong>La informaci\u00f3n que es generada por otras entidades es referenciada a trav\u00e9s de servicios WMS, OGC, WCS, WFS, seg\u00fan las necesidades de las capas geogr\u00e1ficas que se requieran analizar. Todo esto se muestra a trav\u00e9s del mapa interactivo de la provincia de Napo.<\/strong><\/p>\n<\/div><\/div>\n\n\n\n<div class=\"wp-block-cover alignwide\"><span aria-hidden=\"true\" class=\"wp-block-cover__background has-background-dim\"><\/span><img loading=\"lazy\" decoding=\"async\" width=\"1600\" height=\"700\" class=\"wp-block-cover__image-background wp-image-2321\" alt=\"\" src=\"https:\/\/info.napo.gob.ec\/wp-content\/uploads\/2022\/07\/banner_slider_infra_2.jpg\" data-object-fit=\"cover\" srcset=\"https:\/\/info.napo.gob.ec\/wp-content\/uploads\/2022\/07\/banner_slider_infra_2.jpg 1600w, https:\/\/info.napo.gob.ec\/wp-content\/uploads\/2022\/07\/banner_slider_infra_2-300x131.jpg 300w, https:\/\/info.napo.gob.ec\/wp-content\/uploads\/2022\/07\/banner_slider_infra_2-1024x448.jpg 1024w, https:\/\/info.napo.gob.ec\/wp-content\/uploads\/2022\/07\/banner_slider_infra_2-768x336.jpg 768w, https:\/\/info.napo.gob.ec\/wp-content\/uploads\/2022\/07\/banner_slider_infra_2-1536x672.jpg 1536w\" sizes=\"auto, (max-width: 1600px) 100vw, 1600px\" \/><div class=\"wp-block-cover__inner-container is-layout-flow wp-block-cover-is-layout-flow\">\n<p class=\"has-text-align-center has-large-font-size\">Nodo zonal de informaci\u00f3n<\/p>\n\n\n\n<p><strong>Con la finalidad de dar cumplimiento a los decretos ejecutivos que rigen para la Prefectura de Napo, se sube informaci\u00f3n referente a la Napo a trav\u00e9s del Nodo Zonal Provincial, que ha sido desarrollado por la Secretaria Nacional de Planificaci\u00f3n y Desarrollo (SENPLADES).<\/strong><\/p>\n<\/div><\/div>\n","protected":false},"excerpt":{"rendered":"","protected":false},"author":1,"featured_media":0,"parent":0,"menu_order":0,"comment_status":"closed","ping_status":"closed","template":"wp-custom-template-datos-espaciales","meta":{"footnotes":""},"class_list":["post-17","page","type-page","status-publish","hentry"],"_links":{"self":[{"href":"https:\/\/info.napo.gob.ec\/index.php?rest_route=\/wp\/v2\/pages\/17","targetHints":{"allow":["GET"]}}],"collection":[{"href":"https:\/\/info.napo.gob.ec\/index.php?rest_route=\/wp\/v2\/pages"}],"about":[{"href":"https:\/\/info.napo.gob.ec\/index.php?rest_route=\/wp\/v2\/types\/page"}],"author":[{"embeddable":true,"href":"https:\/\/info.napo.gob.ec\/index.php?rest_route=\/wp\/v2\/users\/1"}],"replies":[{"embeddable":true,"href":"https:\/\/info.napo.gob.ec\/index.php?rest_route=%2Fwp%2Fv2%2Fcomments&post=17"}],"version-history":[{"count":9,"href":"https:\/\/info.napo.gob.ec\/index.php?rest_route=\/wp\/v2\/pages\/17\/revisions"}],"predecessor-version":[{"id":2329,"href":"https:\/\/info.napo.gob.ec\/index.php?rest_route=\/wp\/v2\/pages\/17\/revisions\/2329"}],"wp:attachment":[{"href":"https:\/\/info.napo.gob.ec\/index.php?rest_route=%2Fwp%2Fv2%2Fmedia&parent=17"}],"curies":[{"name":"wp","href":"https:\/\/api.w.org\/{rel}","templated":true}]}}