{"id":19,"date":"2022-06-02T14:36:16","date_gmt":"2022-06-02T19:36:16","guid":{"rendered":"https:\/\/info.napo.gob.ec\/?page_id=19"},"modified":"2022-07-25T10:43:18","modified_gmt":"2022-07-25T15:43:18","slug":"co-manejo-de-bosques-protectores","status":"publish","type":"page","link":"https:\/\/info.napo.gob.ec\/?page_id=19","title":{"rendered":""},"content":{"rendered":"\n<div class=\"wp-block-cover alignfull is-light\"><span aria-hidden=\"true\" class=\"wp-block-cover__background has-background-dim\"><\/span><img loading=\"lazy\" decoding=\"async\" width=\"1031\" height=\"361\" class=\"wp-block-cover__image-background wp-image-2380\" alt=\"\" src=\"https:\/\/info.napo.gob.ec\/wp-content\/uploads\/2022\/07\/banner_comanejo_1.jpg\" data-object-fit=\"cover\" srcset=\"https:\/\/info.napo.gob.ec\/wp-content\/uploads\/2022\/07\/banner_comanejo_1.jpg 1031w, https:\/\/info.napo.gob.ec\/wp-content\/uploads\/2022\/07\/banner_comanejo_1-300x105.jpg 300w, https:\/\/info.napo.gob.ec\/wp-content\/uploads\/2022\/07\/banner_comanejo_1-1024x359.jpg 1024w, https:\/\/info.napo.gob.ec\/wp-content\/uploads\/2022\/07\/banner_comanejo_1-768x269.jpg 768w\" sizes=\"auto, (max-width: 1031px) 100vw, 1031px\" \/><div class=\"wp-block-cover__inner-container is-layout-flow wp-block-cover-is-layout-flow\">\n<p class=\"has-text-align-center has-background-color has-text-color has-large-font-size\">Bosques protectores<\/p>\n\n\n\n<p class=\"has-background-color has-text-color\">El manejo de los bosques protectores de Napo involucra a GADs, Ministerio del Ambiente, Comunidades, Pueblos y Nacionalidades<\/p>\n<\/div><\/div>\n\n\n\n<div class=\"wp-block-group is-layout-flow wp-block-group-is-layout-flow\">\n<div class=\"wp-block-query is-layout-constrained wp-block-query-is-layout-constrained\"><ul class=\"is-flex-container columns-3 wp-block-post-template is-layout-flow wp-block-post-template-is-layout-flow\"><li class=\"wp-block-post post-2887 post type-post status-publish format-standard has-post-thumbnail hentry category-noticias\">\n<figure style=\"width:100%;height:200px;\" class=\"wp-block-post-featured-image\"><a href=\"https:\/\/info.napo.gob.ec\/?p=2887\" target=\"_self\"  style=\"height:200px\"><img loading=\"lazy\" decoding=\"async\" width=\"1600\" height=\"737\" src=\"https:\/\/info.napo.gob.ec\/wp-content\/uploads\/2025\/12\/foto1.jpg\" class=\"attachment-post-thumbnail size-post-thumbnail wp-post-image\" alt=\"Segundo Taller: \u00abSocializaci\u00f3n del borrador del Plan de Gesti\u00f3n de la Reserva de Bi\u00f3sfera Sumaco (RBS)\u00bb\" style=\"height:200px;object-fit:cover;\" srcset=\"https:\/\/info.napo.gob.ec\/wp-content\/uploads\/2025\/12\/foto1.jpg 1600w, https:\/\/info.napo.gob.ec\/wp-content\/uploads\/2025\/12\/foto1-300x138.jpg 300w, https:\/\/info.napo.gob.ec\/wp-content\/uploads\/2025\/12\/foto1-1024x472.jpg 1024w, https:\/\/info.napo.gob.ec\/wp-content\/uploads\/2025\/12\/foto1-768x354.jpg 768w, https:\/\/info.napo.gob.ec\/wp-content\/uploads\/2025\/12\/foto1-1536x708.jpg 1536w\" sizes=\"auto, (max-width: 1600px) 100vw, 1600px\" \/><\/a><\/figure>\n\n\n<div class=\"wp-block-columns is-not-stacked-on-mobile is-layout-flex wp-container-core-columns-is-layout-1b75516c wp-block-columns-is-layout-flex\">\n<div class=\"wp-block-column is-layout-flow wp-block-column-is-layout-flow\"><h2 style=\"font-style:normal;font-weight:400; margin-top:0.2em;\" class=\"wp-block-post-title has-small-font-size has-system-font-font-family\"><a href=\"https:\/\/info.napo.gob.ec\/?p=2887\" target=\"_self\" >Segundo Taller: \u00abSocializaci\u00f3n del borrador del Plan de Gesti\u00f3n de la Reserva de Bi\u00f3sfera Sumaco (RBS)\u00bb<\/a><\/h2><\/div>\n\n\n\n<div class=\"wp-block-column is-layout-flow wp-block-column-is-layout-flow\" style=\"flex-basis:4em\"><div style=\"font-style:italic;font-weight:400;\" class=\"has-text-align-right wp-block-post-date has-small-font-size\"><time datetime=\"2025-11-27T09:13:00-05:00\">11.27.25<\/time><\/div><\/div>\n<\/div>\n\n<\/li><li class=\"wp-block-post post-2891 post type-post status-publish format-standard has-post-thumbnail hentry category-noticias\">\n<figure style=\"width:100%;height:200px;\" class=\"wp-block-post-featured-image\"><a href=\"https:\/\/info.napo.gob.ec\/?p=2891\" target=\"_self\"  style=\"height:200px\"><img loading=\"lazy\" decoding=\"async\" width=\"1600\" height=\"1200\" src=\"https:\/\/info.napo.gob.ec\/wp-content\/uploads\/2025\/12\/foto1-1.jpg\" class=\"attachment-post-thumbnail size-post-thumbnail wp-post-image\" alt=\"Encuentro de Fondos de Agua del Ecuador\" style=\"height:200px;object-fit:cover;\" srcset=\"https:\/\/info.napo.gob.ec\/wp-content\/uploads\/2025\/12\/foto1-1.jpg 1600w, https:\/\/info.napo.gob.ec\/wp-content\/uploads\/2025\/12\/foto1-1-300x225.jpg 300w, https:\/\/info.napo.gob.ec\/wp-content\/uploads\/2025\/12\/foto1-1-1024x768.jpg 1024w, https:\/\/info.napo.gob.ec\/wp-content\/uploads\/2025\/12\/foto1-1-768x576.jpg 768w, https:\/\/info.napo.gob.ec\/wp-content\/uploads\/2025\/12\/foto1-1-1536x1152.jpg 1536w\" sizes=\"auto, (max-width: 1600px) 100vw, 1600px\" \/><\/a><\/figure>\n\n\n<div class=\"wp-block-columns is-not-stacked-on-mobile is-layout-flex wp-container-core-columns-is-layout-1b75516c wp-block-columns-is-layout-flex\">\n<div class=\"wp-block-column is-layout-flow wp-block-column-is-layout-flow\"><h2 style=\"font-style:normal;font-weight:400; margin-top:0.2em;\" class=\"wp-block-post-title has-small-font-size has-system-font-font-family\"><a href=\"https:\/\/info.napo.gob.ec\/?p=2891\" target=\"_self\" >Encuentro de Fondos de Agua del Ecuador<\/a><\/h2><\/div>\n\n\n\n<div class=\"wp-block-column is-layout-flow wp-block-column-is-layout-flow\" style=\"flex-basis:4em\"><div style=\"font-style:italic;font-weight:400;\" class=\"has-text-align-right wp-block-post-date has-small-font-size\"><time datetime=\"2025-11-27T09:05:00-05:00\">11.27.25<\/time><\/div><\/div>\n<\/div>\n\n<\/li><li class=\"wp-block-post post-2898 post type-post status-publish format-standard has-post-thumbnail hentry category-noticias\">\n<figure style=\"width:100%;height:200px;\" class=\"wp-block-post-featured-image\"><a href=\"https:\/\/info.napo.gob.ec\/?p=2898\" target=\"_self\"  style=\"height:200px\"><img loading=\"lazy\" decoding=\"async\" width=\"2048\" height=\"1387\" src=\"https:\/\/info.napo.gob.ec\/wp-content\/uploads\/2025\/12\/foto1-2.jpg\" class=\"attachment-post-thumbnail size-post-thumbnail wp-post-image\" alt=\"AVANCES EN LA DIGITALIZACI\u00d3N DEL SELLO CHAKRA AMAZ\u00d3NICA\" style=\"height:200px;object-fit:cover;\" srcset=\"https:\/\/info.napo.gob.ec\/wp-content\/uploads\/2025\/12\/foto1-2.jpg 2048w, https:\/\/info.napo.gob.ec\/wp-content\/uploads\/2025\/12\/foto1-2-300x203.jpg 300w, https:\/\/info.napo.gob.ec\/wp-content\/uploads\/2025\/12\/foto1-2-1024x694.jpg 1024w, https:\/\/info.napo.gob.ec\/wp-content\/uploads\/2025\/12\/foto1-2-768x520.jpg 768w, https:\/\/info.napo.gob.ec\/wp-content\/uploads\/2025\/12\/foto1-2-1536x1040.jpg 1536w\" sizes=\"auto, (max-width: 2048px) 100vw, 2048px\" \/><\/a><\/figure>\n\n\n<div class=\"wp-block-columns is-not-stacked-on-mobile is-layout-flex wp-container-core-columns-is-layout-1b75516c wp-block-columns-is-layout-flex\">\n<div class=\"wp-block-column is-layout-flow wp-block-column-is-layout-flow\"><h2 style=\"font-style:normal;font-weight:400; margin-top:0.2em;\" class=\"wp-block-post-title has-small-font-size has-system-font-font-family\"><a href=\"https:\/\/info.napo.gob.ec\/?p=2898\" target=\"_self\" >AVANCES EN LA DIGITALIZACI\u00d3N DEL SELLO CHAKRA AMAZ\u00d3NICA<\/a><\/h2><\/div>\n\n\n\n<div class=\"wp-block-column is-layout-flow wp-block-column-is-layout-flow\" style=\"flex-basis:4em\"><div style=\"font-style:italic;font-weight:400;\" class=\"has-text-align-right wp-block-post-date has-small-font-size\"><time datetime=\"2025-11-27T08:46:00-05:00\">11.27.25<\/time><\/div><\/div>\n<\/div>\n\n<\/li><li class=\"wp-block-post post-2878 post type-post status-publish format-standard hentry category-noticias\">\n\n\n\n<div class=\"wp-block-columns is-not-stacked-on-mobile is-layout-flex wp-container-core-columns-is-layout-1b75516c wp-block-columns-is-layout-flex\">\n<div class=\"wp-block-column is-layout-flow wp-block-column-is-layout-flow\"><h2 style=\"font-style:normal;font-weight:400; margin-top:0.2em;\" class=\"wp-block-post-title has-small-font-size has-system-font-font-family\"><a href=\"https:\/\/info.napo.gob.ec\/?p=2878\" target=\"_self\" >Convocatoria para la selecci\u00f3n de T\u00e9cnico en monitoreo y evaluaci\u00f3n<\/a><\/h2><\/div>\n\n\n\n<div class=\"wp-block-column is-layout-flow wp-block-column-is-layout-flow\" style=\"flex-basis:4em\"><div style=\"font-style:italic;font-weight:400;\" class=\"has-text-align-right wp-block-post-date has-small-font-size\"><time datetime=\"2025-07-08T11:44:00-05:00\">07.08.25<\/time><\/div><\/div>\n<\/div>\n\n<\/li><li class=\"wp-block-post post-2875 post type-post status-publish format-standard has-post-thumbnail hentry category-noticias\">\n<figure style=\"width:100%;height:200px;\" class=\"wp-block-post-featured-image\"><a href=\"https:\/\/info.napo.gob.ec\/?p=2875\" target=\"_self\"  style=\"height:200px\"><img loading=\"lazy\" decoding=\"async\" width=\"1024\" height=\"768\" src=\"https:\/\/info.napo.gob.ec\/wp-content\/uploads\/2025\/07\/dia_mundial_del_agua.jpg\" class=\"attachment-post-thumbnail size-post-thumbnail wp-post-image\" alt=\"D\u00eda Mundial del Agua\" style=\"height:200px;object-fit:cover;\" srcset=\"https:\/\/info.napo.gob.ec\/wp-content\/uploads\/2025\/07\/dia_mundial_del_agua.jpg 1024w, https:\/\/info.napo.gob.ec\/wp-content\/uploads\/2025\/07\/dia_mundial_del_agua-300x225.jpg 300w, https:\/\/info.napo.gob.ec\/wp-content\/uploads\/2025\/07\/dia_mundial_del_agua-768x576.jpg 768w\" sizes=\"auto, (max-width: 1024px) 100vw, 1024px\" \/><\/a><\/figure>\n\n\n<div class=\"wp-block-columns is-not-stacked-on-mobile is-layout-flex wp-container-core-columns-is-layout-1b75516c wp-block-columns-is-layout-flex\">\n<div class=\"wp-block-column is-layout-flow wp-block-column-is-layout-flow\"><h2 style=\"font-style:normal;font-weight:400; margin-top:0.2em;\" class=\"wp-block-post-title has-small-font-size has-system-font-font-family\"><a href=\"https:\/\/info.napo.gob.ec\/?p=2875\" target=\"_self\" >D\u00eda Mundial del Agua<\/a><\/h2><\/div>\n\n\n\n<div class=\"wp-block-column is-layout-flow wp-block-column-is-layout-flow\" style=\"flex-basis:4em\"><div style=\"font-style:italic;font-weight:400;\" class=\"has-text-align-right wp-block-post-date has-small-font-size\"><time datetime=\"2025-03-23T11:43:00-05:00\">03.23.25<\/time><\/div><\/div>\n<\/div>\n\n<\/li><li class=\"wp-block-post post-2869 post type-post status-publish format-standard has-post-thumbnail hentry category-sin-categoria\">\n<figure style=\"width:100%;height:200px;\" class=\"wp-block-post-featured-image\"><a href=\"https:\/\/info.napo.gob.ec\/?p=2869\" target=\"_self\"  style=\"height:200px\"><img loading=\"lazy\" decoding=\"async\" width=\"1600\" height=\"1200\" src=\"https:\/\/info.napo.gob.ec\/wp-content\/uploads\/2025\/07\/foto1-5.jpg\" class=\"attachment-post-thumbnail size-post-thumbnail wp-post-image\" alt=\"Taller participativo sobre afectaci\u00f3n del cambio clim\u00e1tico diferenciado por g\u00e9nero\" style=\"height:200px;object-fit:cover;\" srcset=\"https:\/\/info.napo.gob.ec\/wp-content\/uploads\/2025\/07\/foto1-5.jpg 1600w, https:\/\/info.napo.gob.ec\/wp-content\/uploads\/2025\/07\/foto1-5-300x225.jpg 300w, https:\/\/info.napo.gob.ec\/wp-content\/uploads\/2025\/07\/foto1-5-1024x768.jpg 1024w, https:\/\/info.napo.gob.ec\/wp-content\/uploads\/2025\/07\/foto1-5-768x576.jpg 768w, https:\/\/info.napo.gob.ec\/wp-content\/uploads\/2025\/07\/foto1-5-1536x1152.jpg 1536w\" sizes=\"auto, (max-width: 1600px) 100vw, 1600px\" \/><\/a><\/figure>\n\n\n<div class=\"wp-block-columns is-not-stacked-on-mobile is-layout-flex wp-container-core-columns-is-layout-1b75516c wp-block-columns-is-layout-flex\">\n<div class=\"wp-block-column is-layout-flow wp-block-column-is-layout-flow\"><h2 style=\"font-style:normal;font-weight:400; margin-top:0.2em;\" class=\"wp-block-post-title has-small-font-size has-system-font-font-family\"><a href=\"https:\/\/info.napo.gob.ec\/?p=2869\" target=\"_self\" >Taller participativo sobre afectaci\u00f3n del cambio clim\u00e1tico diferenciado por g\u00e9nero<\/a><\/h2><\/div>\n\n\n\n<div class=\"wp-block-column is-layout-flow wp-block-column-is-layout-flow\" style=\"flex-basis:4em\"><div style=\"font-style:italic;font-weight:400;\" class=\"has-text-align-right wp-block-post-date has-small-font-size\"><time datetime=\"2025-03-21T11:35:00-05:00\">03.21.25<\/time><\/div><\/div>\n<\/div>\n\n<\/li><li class=\"wp-block-post post-2864 post type-post status-publish format-standard has-post-thumbnail hentry category-sin-categoria\">\n<figure style=\"width:100%;height:200px;\" class=\"wp-block-post-featured-image\"><a href=\"https:\/\/info.napo.gob.ec\/?p=2864\" target=\"_self\"  style=\"height:200px\"><img loading=\"lazy\" decoding=\"async\" width=\"1040\" height=\"780\" src=\"https:\/\/info.napo.gob.ec\/wp-content\/uploads\/2025\/07\/foto1-4.jpg\" class=\"attachment-post-thumbnail size-post-thumbnail wp-post-image\" alt=\"Promoviendo la sostenibilidad de la Chackra Amaz\u00f3nica como mecanismo de adaptaci\u00f3n clim\u00e1tica comunitaria\" style=\"height:200px;object-fit:cover;\" srcset=\"https:\/\/info.napo.gob.ec\/wp-content\/uploads\/2025\/07\/foto1-4.jpg 1040w, https:\/\/info.napo.gob.ec\/wp-content\/uploads\/2025\/07\/foto1-4-300x225.jpg 300w, https:\/\/info.napo.gob.ec\/wp-content\/uploads\/2025\/07\/foto1-4-1024x768.jpg 1024w, https:\/\/info.napo.gob.ec\/wp-content\/uploads\/2025\/07\/foto1-4-768x576.jpg 768w\" sizes=\"auto, (max-width: 1040px) 100vw, 1040px\" \/><\/a><\/figure>\n\n\n<div class=\"wp-block-columns is-not-stacked-on-mobile is-layout-flex wp-container-core-columns-is-layout-1b75516c wp-block-columns-is-layout-flex\">\n<div class=\"wp-block-column is-layout-flow wp-block-column-is-layout-flow\"><h2 style=\"font-style:normal;font-weight:400; margin-top:0.2em;\" class=\"wp-block-post-title has-small-font-size has-system-font-font-family\"><a href=\"https:\/\/info.napo.gob.ec\/?p=2864\" target=\"_self\" >Promoviendo la sostenibilidad de la Chackra Amaz\u00f3nica como mecanismo de adaptaci\u00f3n clim\u00e1tica comunitaria<\/a><\/h2><\/div>\n\n\n\n<div class=\"wp-block-column is-layout-flow wp-block-column-is-layout-flow\" style=\"flex-basis:4em\"><div style=\"font-style:italic;font-weight:400;\" class=\"has-text-align-right wp-block-post-date has-small-font-size\"><time datetime=\"2025-03-19T11:32:00-05:00\">03.19.25<\/time><\/div><\/div>\n<\/div>\n\n<\/li><li class=\"wp-block-post post-2858 post type-post status-publish format-standard has-post-thumbnail hentry category-noticias\">\n<figure style=\"width:100%;height:200px;\" class=\"wp-block-post-featured-image\"><a href=\"https:\/\/info.napo.gob.ec\/?p=2858\" target=\"_self\"  style=\"height:200px\"><img loading=\"lazy\" decoding=\"async\" width=\"1280\" height=\"960\" src=\"https:\/\/info.napo.gob.ec\/wp-content\/uploads\/2025\/07\/foto1-3.jpg\" class=\"attachment-post-thumbnail size-post-thumbnail wp-post-image\" alt=\"Siembra de especies forestales\" style=\"height:200px;object-fit:cover;\" srcset=\"https:\/\/info.napo.gob.ec\/wp-content\/uploads\/2025\/07\/foto1-3.jpg 1280w, https:\/\/info.napo.gob.ec\/wp-content\/uploads\/2025\/07\/foto1-3-300x225.jpg 300w, https:\/\/info.napo.gob.ec\/wp-content\/uploads\/2025\/07\/foto1-3-1024x768.jpg 1024w, https:\/\/info.napo.gob.ec\/wp-content\/uploads\/2025\/07\/foto1-3-768x576.jpg 768w\" sizes=\"auto, (max-width: 1280px) 100vw, 1280px\" \/><\/a><\/figure>\n\n\n<div class=\"wp-block-columns is-not-stacked-on-mobile is-layout-flex wp-container-core-columns-is-layout-1b75516c wp-block-columns-is-layout-flex\">\n<div class=\"wp-block-column is-layout-flow wp-block-column-is-layout-flow\"><h2 style=\"font-style:normal;font-weight:400; margin-top:0.2em;\" class=\"wp-block-post-title has-small-font-size has-system-font-font-family\"><a href=\"https:\/\/info.napo.gob.ec\/?p=2858\" target=\"_self\" >Siembra de especies forestales<\/a><\/h2><\/div>\n\n\n\n<div class=\"wp-block-column is-layout-flow wp-block-column-is-layout-flow\" style=\"flex-basis:4em\"><div style=\"font-style:italic;font-weight:400;\" class=\"has-text-align-right wp-block-post-date has-small-font-size\"><time datetime=\"2025-01-30T11:25:00-05:00\">01.30.25<\/time><\/div><\/div>\n<\/div>\n\n<\/li><li class=\"wp-block-post post-2850 post type-post status-publish format-standard hentry category-noticias\">\n\n\n\n<div class=\"wp-block-columns is-not-stacked-on-mobile is-layout-flex wp-container-core-columns-is-layout-1b75516c wp-block-columns-is-layout-flex\">\n<div class=\"wp-block-column is-layout-flow wp-block-column-is-layout-flow\"><h2 style=\"font-style:normal;font-weight:400; margin-top:0.2em;\" class=\"wp-block-post-title has-small-font-size has-system-font-font-family\"><a href=\"https:\/\/info.napo.gob.ec\/?p=2850\" target=\"_self\" >Reuniones de gesti\u00f3n para articular las actividades de los proyectos que sostiene el FODESNA<\/a><\/h2><\/div>\n\n\n\n<div class=\"wp-block-column is-layout-flow wp-block-column-is-layout-flow\" style=\"flex-basis:4em\"><div style=\"font-style:italic;font-weight:400;\" class=\"has-text-align-right wp-block-post-date has-small-font-size\"><time datetime=\"2025-01-30T09:58:00-05:00\">01.30.25<\/time><\/div><\/div>\n<\/div>\n\n<\/li><li class=\"wp-block-post post-2845 post type-post status-publish format-standard hentry category-noticias tag-agua tag-bosquesyfincasec tag-cambioclimatico tag-cdkn tag-conservacionbiodiversidad tag-cuidadoambiental tag-fondosdeagua tag-fuentesdeagua tag-juntossipodemos tag-kallari tag-kallarichocolate tag-practicassostenibles tag-prefecturadenapo tag-proyectos tag-recursoshidricos tag-sostenibilidad tag-tsatsayakucacaowuayusa\">\n\n\n\n<div class=\"wp-block-columns is-not-stacked-on-mobile is-layout-flex wp-container-core-columns-is-layout-1b75516c wp-block-columns-is-layout-flex\">\n<div class=\"wp-block-column is-layout-flow wp-block-column-is-layout-flow\"><h2 style=\"font-style:normal;font-weight:400; margin-top:0.2em;\" class=\"wp-block-post-title has-small-font-size has-system-font-font-family\"><a href=\"https:\/\/info.napo.gob.ec\/?p=2845\" target=\"_self\" >Visita Chakras Amaz\u00f3nicas<\/a><\/h2><\/div>\n\n\n\n<div class=\"wp-block-column is-layout-flow wp-block-column-is-layout-flow\" style=\"flex-basis:4em\"><div style=\"font-style:italic;font-weight:400;\" class=\"has-text-align-right wp-block-post-date has-small-font-size\"><time datetime=\"2025-01-28T09:52:00-05:00\">01.28.25<\/time><\/div><\/div>\n<\/div>\n\n<\/li><li class=\"wp-block-post post-2840 post type-post status-publish format-standard hentry category-noticias tag-agua tag-fuentesdeagua tag-practicassostenibles tag-proyectos tag-recursoshidricos tag-sostenibilidad\">\n\n\n\n<div class=\"wp-block-columns is-not-stacked-on-mobile is-layout-flex wp-container-core-columns-is-layout-1b75516c wp-block-columns-is-layout-flex\">\n<div class=\"wp-block-column is-layout-flow wp-block-column-is-layout-flow\"><h2 style=\"font-style:normal;font-weight:400; margin-top:0.2em;\" class=\"wp-block-post-title has-small-font-size has-system-font-font-family\"><a href=\"https:\/\/info.napo.gob.ec\/?p=2840\" target=\"_self\" >Socializaci\u00f3n a entidades amigas y a los gobiernos locales<\/a><\/h2><\/div>\n\n\n\n<div class=\"wp-block-column is-layout-flow wp-block-column-is-layout-flow\" style=\"flex-basis:4em\"><div style=\"font-style:italic;font-weight:400;\" class=\"has-text-align-right wp-block-post-date has-small-font-size\"><time datetime=\"2025-01-28T09:48:00-05:00\">01.28.25<\/time><\/div><\/div>\n<\/div>\n\n<\/li><li class=\"wp-block-post post-2833 post type-post status-publish format-standard hentry category-noticias tag-agua tag-conservacionbiodiversidad tag-cuidadoambiental tag-fuentesdeagua tag-practicassostenibles tag-recursoshidricos tag-sostenibilidad\">\n\n\n\n<div class=\"wp-block-columns is-not-stacked-on-mobile is-layout-flex wp-container-core-columns-is-layout-1b75516c wp-block-columns-is-layout-flex\">\n<div class=\"wp-block-column is-layout-flow wp-block-column-is-layout-flow\"><h2 style=\"font-style:normal;font-weight:400; margin-top:0.2em;\" class=\"wp-block-post-title has-small-font-size has-system-font-font-family\"><a href=\"https:\/\/info.napo.gob.ec\/?p=2833\" target=\"_self\" >Promoviendo la sostenibilidad de la Chakra Amaz\u00f3nica<\/a><\/h2><\/div>\n\n\n\n<div class=\"wp-block-column is-layout-flow wp-block-column-is-layout-flow\" style=\"flex-basis:4em\"><div style=\"font-style:italic;font-weight:400;\" class=\"has-text-align-right wp-block-post-date has-small-font-size\"><time datetime=\"2025-01-22T09:39:00-05:00\">01.22.25<\/time><\/div><\/div>\n<\/div>\n\n<\/li><\/ul>\n\n\n<hr class=\"wp-block-separator has-css-opacity alignwide is-style-wide\"\/>\n\n\n<nav class=\"alignwide wp-block-query-pagination is-content-justification-space-between is-layout-flex wp-container-core-query-pagination-is-layout-b2891da8 wp-block-query-pagination-is-layout-flex\" aria-label=\"Paginaci\u00f3n\">\n\n\n<div class=\"wp-block-query-pagination-numbers\"><span aria-current=\"page\" class=\"page-numbers current\">1<\/span>\n<a class=\"page-numbers\" href=\"?query-59-page=2&#038;rest_route=%2Fwp%2Fv2%2Fpages%2F19\">2<\/a>\n<a class=\"page-numbers\" href=\"?query-59-page=3&#038;rest_route=%2Fwp%2Fv2%2Fpages%2F19\">3<\/a>\n<span class=\"page-numbers dots\">&hellip;<\/span>\n<a class=\"page-numbers\" href=\"?query-59-page=5&#038;rest_route=%2Fwp%2Fv2%2Fpages%2F19\">5<\/a><\/div>\n\n<a href=\"\/index.php?rest_route=%2Fwp%2Fv2%2Fpages%2F19&#038;query-59-page=2\" class=\"wp-block-query-pagination-next has-small-font-size\">P\u00e1gina siguiente<span class='wp-block-query-pagination-next-arrow is-arrow-arrow' aria-hidden='true'>\u2192<\/span><\/a>\n<\/nav><\/div>\n<\/div>\n","protected":false},"excerpt":{"rendered":"","protected":false},"author":1,"featured_media":0,"parent":0,"menu_order":0,"comment_status":"closed","ping_status":"closed","template":"wp-custom-template-bosques-protectores-template","meta":{"footnotes":""},"class_list":["post-19","page","type-page","status-publish","hentry"],"_links":{"self":[{"href":"https:\/\/info.napo.gob.ec\/index.php?rest_route=\/wp\/v2\/pages\/19","targetHints":{"allow":["GET"]}}],"collection":[{"href":"https:\/\/info.napo.gob.ec\/index.php?rest_route=\/wp\/v2\/pages"}],"about":[{"href":"https:\/\/info.napo.gob.ec\/index.php?rest_route=\/wp\/v2\/types\/page"}],"author":[{"embeddable":true,"href":"https:\/\/info.napo.gob.ec\/index.php?rest_route=\/wp\/v2\/users\/1"}],"replies":[{"embeddable":true,"href":"https:\/\/info.napo.gob.ec\/index.php?rest_route=%2Fwp%2Fv2%2Fcomments&post=19"}],"version-history":[{"count":7,"href":"https:\/\/info.napo.gob.ec\/index.php?rest_route=\/wp\/v2\/pages\/19\/revisions"}],"predecessor-version":[{"id":2387,"href":"https:\/\/info.napo.gob.ec\/index.php?rest_route=\/wp\/v2\/pages\/19\/revisions\/2387"}],"wp:attachment":[{"href":"https:\/\/info.napo.gob.ec\/index.php?rest_route=%2Fwp%2Fv2%2Fmedia&parent=19"}],"curies":[{"name":"wp","href":"https:\/\/api.w.org\/{rel}","templated":true}]}}