{"id":25,"date":"2022-06-02T14:36:47","date_gmt":"2022-06-02T19:36:47","guid":{"rendered":"https:\/\/info.napo.gob.ec\/?page_id=25"},"modified":"2022-07-25T15:20:49","modified_gmt":"2022-07-25T20:20:49","slug":"expediente-sipam","status":"publish","type":"page","link":"https:\/\/info.napo.gob.ec\/?page_id=25","title":{"rendered":"Sistema Importante de Patrimonio Agr\u00edcola Mundia (SIPAM)"},"content":{"rendered":"\n<p>Para la conservaci\u00f3n y puesta en valor del Sistema Chakra y sus productos a nivel internacional, se viene constituyendo la generaci\u00f3n del expediente, obtenci\u00f3n del aval del Ministerio de Agricultura y Ganader\u00eda (MAG) e interacci\u00f3n con el programa de la Organizaci\u00f3n de las Naciones Unidas para la Alimentaci\u00f3n y la Agricultura FAO, para la declaraci\u00f3n del sistema chakra amaz\u00f3nico como un Sistema Importante de Patrimonio Agr\u00edcola Mundial SIPAM.<\/p>\n","protected":false},"excerpt":{"rendered":"<p>Para la conservaci\u00f3n y puesta en valor del Sistema Chakra y sus productos a nivel internacional, se viene constituyendo la generaci\u00f3n del expediente, obtenci\u00f3n del aval del Ministerio de Agricultura y Ganader\u00eda (MAG) e interacci\u00f3n con el programa de la Organizaci\u00f3n de las Naciones Unidas para la Alimentaci\u00f3n y la Agricultura FAO, para la declaraci\u00f3n [&hellip;]<\/p>\n","protected":false},"author":1,"featured_media":0,"parent":0,"menu_order":0,"comment_status":"closed","ping_status":"closed","template":"wp-custom-template-sipam-template","meta":{"footnotes":""},"class_list":["post-25","page","type-page","status-publish","hentry"],"_links":{"self":[{"href":"https:\/\/info.napo.gob.ec\/index.php?rest_route=\/wp\/v2\/pages\/25","targetHints":{"allow":["GET"]}}],"collection":[{"href":"https:\/\/info.napo.gob.ec\/index.php?rest_route=\/wp\/v2\/pages"}],"about":[{"href":"https:\/\/info.napo.gob.ec\/index.php?rest_route=\/wp\/v2\/types\/page"}],"author":[{"embeddable":true,"href":"https:\/\/info.napo.gob.ec\/index.php?rest_route=\/wp\/v2\/users\/1"}],"replies":[{"embeddable":true,"href":"https:\/\/info.napo.gob.ec\/index.php?rest_route=%2Fwp%2Fv2%2Fcomments&post=25"}],"version-history":[{"count":6,"href":"https:\/\/info.napo.gob.ec\/index.php?rest_route=\/wp\/v2\/pages\/25\/revisions"}],"predecessor-version":[{"id":1538,"href":"https:\/\/info.napo.gob.ec\/index.php?rest_route=\/wp\/v2\/pages\/25\/revisions\/1538"}],"wp:attachment":[{"href":"https:\/\/info.napo.gob.ec\/index.php?rest_route=%2Fwp%2Fv2%2Fmedia&parent=25"}],"curies":[{"name":"wp","href":"https:\/\/api.w.org\/{rel}","templated":true}]}}