{"id":27,"date":"2022-06-02T14:36:57","date_gmt":"2022-06-02T19:36:57","guid":{"rendered":"https:\/\/info.napo.gob.ec\/?page_id=27"},"modified":"2022-07-25T15:54:10","modified_gmt":"2022-07-25T20:54:10","slug":"buenas-practicas-agricolas","status":"publish","type":"page","link":"https:\/\/info.napo.gob.ec\/?page_id=27","title":{"rendered":""},"content":{"rendered":"\n<div class=\"wp-block-cover alignfull\"><span aria-hidden=\"true\" class=\"wp-block-cover__background has-background-dim\"><\/span><img loading=\"lazy\" decoding=\"async\" width=\"500\" height=\"334\" class=\"wp-block-cover__image-background wp-image-956\" alt=\"\" src=\"https:\/\/info.napo.gob.ec\/wp-content\/uploads\/2022\/06\/infonapo_galeria_87-1.jpg\" data-object-fit=\"cover\" srcset=\"https:\/\/info.napo.gob.ec\/wp-content\/uploads\/2022\/06\/infonapo_galeria_87-1.jpg 500w, https:\/\/info.napo.gob.ec\/wp-content\/uploads\/2022\/06\/infonapo_galeria_87-1-300x200.jpg 300w\" sizes=\"auto, (max-width: 500px) 100vw, 500px\" \/><div class=\"wp-block-cover__inner-container is-layout-flow wp-block-cover-is-layout-flow\">\n<p class=\"has-text-align-center has-large-font-size\"><strong>Buenas pr\u00e1cticas agr\u00edcolas<\/strong><\/p>\n\n\n\n<p>Las practicas que se promueven se fundamentan en las experiencias con tres sistemas agro productivos, con el fin de fomentar un manejo agro ecol\u00f3gico de sus predios y apoyar en la disminuci\u00f3n de agrot\u00f3xicos a trav\u00e9s de procesos de transici\u00f3n. <\/p>\n<\/div><\/div>\n\n\n\n<div class=\"wp-block-cover alignfull\"><span aria-hidden=\"true\" class=\"wp-block-cover__background has-background-dim\"><\/span><img loading=\"lazy\" decoding=\"async\" width=\"500\" height=\"334\" class=\"wp-block-cover__image-background wp-image-427\" alt=\"\" src=\"https:\/\/info.napo.gob.ec\/wp-content\/uploads\/2022\/06\/infonapo_galeria_88.jpg\" data-object-fit=\"cover\" srcset=\"https:\/\/info.napo.gob.ec\/wp-content\/uploads\/2022\/06\/infonapo_galeria_88.jpg 500w, https:\/\/info.napo.gob.ec\/wp-content\/uploads\/2022\/06\/infonapo_galeria_88-300x200.jpg 300w\" sizes=\"auto, (max-width: 500px) 100vw, 500px\" \/><div class=\"wp-block-cover__inner-container is-layout-flow wp-block-cover-is-layout-flow\">\n<p class=\"has-text-align-left has-large-font-size\"><strong>Buenas pr\u00e1cticas agr\u00edcolas<\/strong><\/p>\n\n\n\n<p>Se enmarcan de acuerdo al sistema agro productivo: en procesos de transici\u00f3n-naranjilla, ganader\u00eda-y manejo agroecol\u00f3gico -cacao-.  tambi\u00e9n se han tomado elementos de la agricultura org\u00e1nica y de manejo de fincas establecidas en las normas de agricultura sostenible.            <\/p>\n<\/div><\/div>\n\n\n\n<div class=\"wp-block-cover alignfull\"><span aria-hidden=\"true\" class=\"wp-block-cover__background has-background-dim\"><\/span><img loading=\"lazy\" decoding=\"async\" width=\"500\" height=\"334\" class=\"wp-block-cover__image-background wp-image-958\" alt=\"\" src=\"https:\/\/info.napo.gob.ec\/wp-content\/uploads\/2022\/06\/infonapo_galeria_24-1.jpg\" data-object-fit=\"cover\" srcset=\"https:\/\/info.napo.gob.ec\/wp-content\/uploads\/2022\/06\/infonapo_galeria_24-1.jpg 500w, https:\/\/info.napo.gob.ec\/wp-content\/uploads\/2022\/06\/infonapo_galeria_24-1-300x200.jpg 300w\" sizes=\"auto, (max-width: 500px) 100vw, 500px\" \/><div class=\"wp-block-cover__inner-container is-layout-flow wp-block-cover-is-layout-flow\">\n<p class=\"has-text-align-right has-large-font-size\"><strong>Buenas pr\u00e1cticas agr\u00edcolas<\/strong><\/p>\n\n\n\n<p>Los tres agroecosistemas y zonas donde se est\u00e1n implementando estas practicas son:<\/p>\n\n\n\n<ul class=\"wp-block-list\"><li>Sistema agroforestal de cacao.-en comunidades del cant\u00f3n Archidona, Parroquias Archidona y San Pablo, Comunidades del Cant\u00f3n Tena en la parroquia de Chontapunta.<\/li><li>Sistema agroforestal de naranjilla.-en comunidades de la parroquia Hatun Sumaco del cant\u00f3n Archidona.<\/li><li>Sistemas silvopastoriles.-en el cant\u00f3n Quijos en las parroquias de Cuyuja y Cosanga.<\/li><\/ul>\n<\/div><\/div>\n","protected":false},"excerpt":{"rendered":"","protected":false},"author":1,"featured_media":0,"parent":0,"menu_order":0,"comment_status":"closed","ping_status":"closed","template":"wp-custom-template-buenas-practicas-agricolas-template","meta":{"footnotes":""},"class_list":["post-27","page","type-page","status-publish","hentry"],"_links":{"self":[{"href":"https:\/\/info.napo.gob.ec\/index.php?rest_route=\/wp\/v2\/pages\/27","targetHints":{"allow":["GET"]}}],"collection":[{"href":"https:\/\/info.napo.gob.ec\/index.php?rest_route=\/wp\/v2\/pages"}],"about":[{"href":"https:\/\/info.napo.gob.ec\/index.php?rest_route=\/wp\/v2\/types\/page"}],"author":[{"embeddable":true,"href":"https:\/\/info.napo.gob.ec\/index.php?rest_route=\/wp\/v2\/users\/1"}],"replies":[{"embeddable":true,"href":"https:\/\/info.napo.gob.ec\/index.php?rest_route=%2Fwp%2Fv2%2Fcomments&post=27"}],"version-history":[{"count":4,"href":"https:\/\/info.napo.gob.ec\/index.php?rest_route=\/wp\/v2\/pages\/27\/revisions"}],"predecessor-version":[{"id":2430,"href":"https:\/\/info.napo.gob.ec\/index.php?rest_route=\/wp\/v2\/pages\/27\/revisions\/2430"}],"wp:attachment":[{"href":"https:\/\/info.napo.gob.ec\/index.php?rest_route=%2Fwp%2Fv2%2Fmedia&parent=27"}],"curies":[{"name":"wp","href":"https:\/\/api.w.org\/{rel}","templated":true}]}}