{"id":31,"date":"2022-06-02T14:37:16","date_gmt":"2022-06-02T19:37:16","guid":{"rendered":"https:\/\/info.napo.gob.ec\/?page_id=31"},"modified":"2022-07-26T10:13:03","modified_gmt":"2022-07-26T15:13:03","slug":"turismo-comunitario","status":"publish","type":"page","link":"https:\/\/info.napo.gob.ec\/?page_id=31","title":{"rendered":"Turismo Comunitario"},"content":{"rendered":"\n<div class=\"wp-block-group is-layout-flow wp-block-group-is-layout-flow\">\n<h4 class=\"wp-block-heading\">Turismo<\/h4>\n\n\n\n<p>El turismo comprende las actividades que realizan las personas durante sus viajes y estancias en lugares distintos a su entorno habitual por un per\u00edodo de tiempo consecutivo inferior a un a\u00f1o, con fines de ocio, negocios, u otros. Si no se realiza pernoctaci\u00f3n, se consideran excursionistas. Los turistas y los excursionistas forman el total de visitantes.<\/p>\n\n\n\n<p><em>Definici\u00f3n de la Organizaci\u00f3n Mundial del Turismo (OMT),una de las principales agencias ejecutivas del Programa de las Naciones Unidas para el Desarrollo (PNUD).<\/em><\/p>\n\n\n\n<h4 class=\"wp-block-heading\">Turismo Comunitario<\/h4>\n\n\n\n<p>El turismo comunitario es un modelo de gesti\u00f3n liderado plenamente por la comunidad anfitriona, que oferta alg\u00fan tipo de producto y\/o servicio tur\u00edstico con criterios ambientales, sociales y econ\u00f3micos, cuyos beneficios resultantes son re invertidos en el bienestar comunitario. Napo es la cuna del turismo comunitario en Ecuador por las iniciativas identificadas en la d\u00e9cada de los ochenta y que dio inicio a esta pr\u00e1ctica tur\u00edstica en el Ecuador, basada en el liderazgo y empoderamiento de la comunidad. Esta actividad est\u00e1 ganando cada vez m\u00e1s espacio en el mercado tur\u00edstico nacional y mundial.<\/p>\n\n\n\n<p>A trav\u00e9s de la canalizaci\u00f3n de apoyo desde distintos sectores p\u00fablicos y privados se esta promoviendo la conservaci\u00f3n de la biodiversidad,el manejo sostenibles de suelo,bosques y agua,con mecanismo de incentivos para actividades como el turismo comunitario en zonas de amortiguamiento y dentro de las \u00e1reas protegidas de la provincia de Napo. <\/p>\n<\/div>\n","protected":false},"excerpt":{"rendered":"<p>Turismo El turismo comprende las actividades que realizan las personas durante sus viajes y estancias en lugares distintos a su entorno habitual por un per\u00edodo de tiempo consecutivo inferior a un a\u00f1o, con fines de ocio, negocios, u otros. Si no se realiza pernoctaci\u00f3n, se consideran excursionistas. Los turistas y los excursionistas forman el total [&hellip;]<\/p>\n","protected":false},"author":1,"featured_media":0,"parent":0,"menu_order":0,"comment_status":"closed","ping_status":"closed","template":"wp-custom-template-turismo-comunitario-template","meta":{"footnotes":""},"class_list":["post-31","page","type-page","status-publish","hentry"],"_links":{"self":[{"href":"https:\/\/info.napo.gob.ec\/index.php?rest_route=\/wp\/v2\/pages\/31","targetHints":{"allow":["GET"]}}],"collection":[{"href":"https:\/\/info.napo.gob.ec\/index.php?rest_route=\/wp\/v2\/pages"}],"about":[{"href":"https:\/\/info.napo.gob.ec\/index.php?rest_route=\/wp\/v2\/types\/page"}],"author":[{"embeddable":true,"href":"https:\/\/info.napo.gob.ec\/index.php?rest_route=\/wp\/v2\/users\/1"}],"replies":[{"embeddable":true,"href":"https:\/\/info.napo.gob.ec\/index.php?rest_route=%2Fwp%2Fv2%2Fcomments&post=31"}],"version-history":[{"count":7,"href":"https:\/\/info.napo.gob.ec\/index.php?rest_route=\/wp\/v2\/pages\/31\/revisions"}],"predecessor-version":[{"id":2501,"href":"https:\/\/info.napo.gob.ec\/index.php?rest_route=\/wp\/v2\/pages\/31\/revisions\/2501"}],"wp:attachment":[{"href":"https:\/\/info.napo.gob.ec\/index.php?rest_route=%2Fwp%2Fv2%2Fmedia&parent=31"}],"curies":[{"name":"wp","href":"https:\/\/api.w.org\/{rel}","templated":true}]}}