{"id":33,"date":"2022-06-02T14:37:28","date_gmt":"2022-06-02T19:37:28","guid":{"rendered":"https:\/\/info.napo.gob.ec\/?page_id=33"},"modified":"2022-07-26T10:57:58","modified_gmt":"2022-07-26T15:57:58","slug":"biocomercio","status":"publish","type":"page","link":"https:\/\/info.napo.gob.ec\/?page_id=33","title":{"rendered":"Biocomercio"},"content":{"rendered":"\n<div class=\"wp-block-group alignwide is-layout-flow wp-block-group-is-layout-flow\">\n<h4 class=\"wp-block-heading\">Apoyando los emprendimientos&nbsp;<strong>de biocomercio locales<\/strong><\/h4>\n\n\n\n<p>Actualmente, en la provincia de Napo, se est\u00e1n trabajando con cinco productos de la biodiversidad para apoyar el proceso de generaci\u00f3n de valor agregado y facilitaci\u00f3n de la comercializaci\u00f3n. Todos ellos tienen un alto valor cultural, social, ambiental, y son potencialmente rentables. Los productos seleccionados son Wayusa (Ilex guayusa), palma (Aphandra natalia), orqu\u00eddeas (Orchideas spp.), tikaso (Plukenetia volubilis), vainilla (Vanilla planifolia). Para dichas especies se realiz\u00f3 un an\u00e1lisis de la cadena de valor, una valoraci\u00f3n del cumplimiento de los Principios y Criterios de Biocomercio seg\u00fan los t\u00e9rminos de la UNCTAD (Conferencia de las Naciones Unidas sobre Comercio y Desarrollo).<\/p>\n\n\n\n<figure class=\"wp-block-image aligncenter size-full\"><img loading=\"lazy\" decoding=\"async\" width=\"319\" height=\"328\" src=\"https:\/\/info.napo.gob.ec\/wp-content\/uploads\/2022\/06\/bio_comer_gener_i1.png\" alt=\"\" class=\"wp-image-1001\" srcset=\"https:\/\/info.napo.gob.ec\/wp-content\/uploads\/2022\/06\/bio_comer_gener_i1.png 319w, https:\/\/info.napo.gob.ec\/wp-content\/uploads\/2022\/06\/bio_comer_gener_i1-292x300.png 292w\" sizes=\"auto, (max-width: 319px) 100vw, 319px\" \/><\/figure>\n\n\n\n<h6 class=\"wp-block-heading\"><a href=\"https:\/\/info.napo.gob.ec\/?page_id=1187\" data-type=\"page\" data-id=\"1187\">Wayusa (Ilex guayusa)<\/a><\/h6>\n\n\n\n<p>Para el caso de la guayusa se esta trabajando con la Asociaci\u00f3n de Productores Org\u00e1nicos de Guayusa\u00bbRuku Kawsay\u00bb,la organizaci\u00f3n es parte del Pueblo Kichwa de Rukullakta (PKR) en el cant\u00f3n Archidona. A trav\u00e9s de una convenio con la MYPIMES \u00abYura\u00bb, est\u00e1n en proceso de sacar al mercado una bebida a base de guayusa con tres sabores de frutas liofilizada. El proyecto realizo un Plan de Manejo Integral de la Guayusa, les presta asesor\u00eda t\u00e9cnica para el manejo del cultivo, obtenci\u00f3n de patentes de comercializaci\u00f3n otorgada por el Ministerio del Ambiente, registro sanitario de bebidas, y compra de insumos y materiales para la fabricaci\u00f3n de las bebidas.<\/p>\n\n\n\n<h6 class=\"wp-block-heading\"><a href=\"https:\/\/info.napo.gob.ec\/?page_id=1205\" data-type=\"page\" data-id=\"1205\">Palma ( Aphandra natalia )<\/a><\/h6>\n\n\n\n<p>La palma es conocida en kichwa con el nombre de chili muyu, o \u00fanicamente chili, se utiliza la fibra tratada para fabricar escobas. La palma tiene una importancia ecol\u00f3gica ya que suele ser en algunos casos la \u00fanica especie que crece dentro de pastizales, generando sombra para el ganado, econ\u00f3micamente tambi\u00e9n es importante ya que en la comunidad de Shalkana suele ser el \u00fanico medio de ingreso de dinero para algunas familias. El proyecto esta fomentado que la fabricaci\u00f3n de escobas se haga en la propia comunidad a trav\u00e9s de la uni\u00f3n y dedicaci\u00f3n de varios pobladores de la comunidad, resaltando el valor ecol\u00f3gico y cultural que tiene, as\u00ed mismo apoya en el an\u00e1lisis de la factibilidad de la generaci\u00f3n de nuevos bioproductos.<\/p>\n\n\n\n<figure class=\"wp-block-embed is-type-video is-provider-youtube wp-block-embed-youtube wp-embed-aspect-4-3 wp-has-aspect-ratio\"><div class=\"wp-block-embed__wrapper\">\n<iframe loading=\"lazy\" title=\"Extraccion Fibra de palma\" width=\"500\" height=\"375\" src=\"https:\/\/www.youtube.com\/embed\/Cm7p4FQUay0?feature=oembed\" frameborder=\"0\" allow=\"accelerometer; autoplay; clipboard-write; encrypted-media; gyroscope; picture-in-picture; web-share\" referrerpolicy=\"strict-origin-when-cross-origin\" allowfullscreen><\/iframe>\n<\/div><\/figure>\n\n\n\n<h6 class=\"wp-block-heading\"><a href=\"https:\/\/info.napo.gob.ec\/?page_id=1208\" data-type=\"page\" data-id=\"1208\">Orqu\u00eddeas (Orchideas spp.)<\/a><\/h6>\n\n\n\n<p>El caso de las orqu\u00eddeas es un tema sensible ya que un mal manejo en su comercializaci\u00f3n puede generar una ventana hacia la biopirater\u00eda. Por ese motivo el primer reto que se tiene es el fortalecimiento de capacidades de las mujeres de la Comunidad Kichwa \u201cTamia Yura\u201d para el adecuado manejo, establecimiento y comercializaci\u00f3n, ante ello el proyecto est\u00e1 en el proceso de adecuar las condiciones de un espacio f\u00edsico para el establecimiento de un lugar para expender las orqu\u00eddeas, y que sirva dentro de los recorridos tur\u00edsticos que tiene la comunidad. Tambi\u00e9n se apoyar\u00e1 con capacitaciones a las mujeres involucradas en el proyecto y en la compra de orqu\u00eddeas con certificado de origen.<\/p>\n\n\n\n<h6 class=\"wp-block-heading\"><a href=\"https:\/\/info.napo.gob.ec\/?page_id=1219\" data-type=\"page\" data-id=\"1219\">Tikaso (Plukenetia volubilis)<\/a><\/h6>\n\n\n\n<p>El tikaso o sacha inchi es una planta trepadora nativa de la amazonia, existen cultivos comerciales en Colombia, Per\u00fa y Ecuador. En la provincia del Napo existen tres asociaciones que est\u00e1n trabajando con el producto en los cantones de Archidona, Tena, en los pr\u00f3ximos meses el cultivo se extender\u00e1 al cant\u00f3n de C.J. Arosemena Tola. El proyecto trabaja directamente con la Asociaci\u00f3n \u201cInti\u201d de la parroquia de San Pablo de Ushpayaku, del cant\u00f3n Archidona, sobre todo en la dotaci\u00f3n de insumos, generaci\u00f3n de matrices de trazabilidad, adecuaci\u00f3n del espacio f\u00edsico donde se realiza la transformaci\u00f3n del producto. Se espera beneficiar a m\u00e1s de 40 productores que est\u00e1n actualmente cultivando el producto.<\/p>\n\n\n\n<h6 class=\"wp-block-heading\"><a href=\"https:\/\/info.napo.gob.ec\/?page_id=1224\" data-type=\"page\" data-id=\"1224\">Vainilla (Vanilla planifolia)<\/a><\/h6>\n\n\n\n<p>La vainilla es una orqu\u00eddea que crece naturalmente en las estribaciones de los r\u00edos y esteros de la amazonia, tiene un valor potencial comercial porque es de gran aceptaci\u00f3n por sus caracter\u00edsticas de sabor, olor y aroma. El proyecto trabaja con la Asociaci\u00f3n Kallari, del cant\u00f3n Tena, que viene trabajando sobretodo la comercializaci\u00f3n de cacao y elaboraci\u00f3n de chocolates en barra. Sin embargo vieron en la vainilla una oportunidad de diversificar las chakras de sus asociados, generando nuevos ingresos para las familias y para la asociaci\u00f3n. Desde el proyecto se apoy\u00f3 en la elaboraci\u00f3n de un Plan de Manejo Integral que permita obtener la patente de comercializaci\u00f3n otorgada por el Ministerio de Ambiente, adem\u00e1s se prev\u00e9 apoyar con capacitaciones para el manejo del cultivo.<\/p>\n<\/div>\n","protected":false},"excerpt":{"rendered":"<p>Apoyando los emprendimientos&nbsp;de biocomercio locales Actualmente, en la provincia de Napo, se est\u00e1n trabajando con cinco productos de la biodiversidad para apoyar el proceso de generaci\u00f3n de valor agregado y facilitaci\u00f3n de la comercializaci\u00f3n. Todos ellos tienen un alto valor cultural, social, ambiental, y son potencialmente rentables. Los productos seleccionados son Wayusa (Ilex guayusa), palma [&hellip;]<\/p>\n","protected":false},"author":1,"featured_media":0,"parent":0,"menu_order":0,"comment_status":"closed","ping_status":"closed","template":"wp-custom-template-biocomercio-template","meta":{"footnotes":""},"class_list":["post-33","page","type-page","status-publish","hentry"],"_links":{"self":[{"href":"https:\/\/info.napo.gob.ec\/index.php?rest_route=\/wp\/v2\/pages\/33","targetHints":{"allow":["GET"]}}],"collection":[{"href":"https:\/\/info.napo.gob.ec\/index.php?rest_route=\/wp\/v2\/pages"}],"about":[{"href":"https:\/\/info.napo.gob.ec\/index.php?rest_route=\/wp\/v2\/types\/page"}],"author":[{"embeddable":true,"href":"https:\/\/info.napo.gob.ec\/index.php?rest_route=\/wp\/v2\/users\/1"}],"replies":[{"embeddable":true,"href":"https:\/\/info.napo.gob.ec\/index.php?rest_route=%2Fwp%2Fv2%2Fcomments&post=33"}],"version-history":[{"count":20,"href":"https:\/\/info.napo.gob.ec\/index.php?rest_route=\/wp\/v2\/pages\/33\/revisions"}],"predecessor-version":[{"id":2529,"href":"https:\/\/info.napo.gob.ec\/index.php?rest_route=\/wp\/v2\/pages\/33\/revisions\/2529"}],"wp:attachment":[{"href":"https:\/\/info.napo.gob.ec\/index.php?rest_route=%2Fwp%2Fv2%2Fmedia&parent=33"}],"curies":[{"name":"wp","href":"https:\/\/api.w.org\/{rel}","templated":true}]}}