{"id":644,"date":"2022-06-08T15:54:11","date_gmt":"2022-06-08T20:54:11","guid":{"rendered":"https:\/\/info.napo.gob.ec\/?page_id=644"},"modified":"2022-07-21T07:56:37","modified_gmt":"2022-07-21T12:56:37","slug":"estrategia-de-manejo-forestal-sostenible-mfs","status":"publish","type":"page","link":"https:\/\/info.napo.gob.ec\/?page_id=644","title":{"rendered":"Restauraci\u00f3n activa y pasiva"},"content":{"rendered":"\n<div class=\"wp-block-group alignfull is-layout-flow wp-block-group-is-layout-flow\">\n<p>El Ecuador es excepcionalmente rico por la diversidad de ecosistemas que posee y por la presencia de una importante masa boscosa en diferentes ubicaciones geogr\u00e1ficas, que le permiten ser uno de los pa\u00edses m\u00e1s diversos del planeta. Sin embargo, la carente aplicaci\u00f3n de pol\u00edticas consistentes respecto a la conservaci\u00f3n y al manejo de los bosques ha permitido que este importante recurso se siga perdiendo y que los bosques nativos sigan siendo afectados por una irracional explotaci\u00f3n maderera y por procesos de colonizaci\u00f3n desordenada con la consecuente ampliaci\u00f3n de la frontera agr\u00edcola.<\/p>\n\n\n\n<p>La principal causa de la p\u00e9rdida de cobertura es el cambio de uso de suelo (principalmente la deforestaci\u00f3n que es un proceso de conversi\u00f3n antr\u00f3pica del bosque en otra cobertura y usos de la tierra). Seg\u00fan Mapa Hist\u00f3rico de Deforestaci\u00f3n del MAE 2015 indica que la tasa anual de cambio de cobertura boscosa en la parte continental del pa\u00eds (sin contar con el \u00e1rea donde no se tiene informaci\u00f3n) es: -0,65% (92.742 ha\/a\u00f1o) para el per\u00edodo entre 1.990 y 2.000, -0,58% (77.748 ha\/a\u00f1o) entre 2.000 y 2.008, -0,37% (47.497 ha\/a\u00f1o) entre 2.008 y 2.014. Seg\u00fan estad\u00edsticas del MAE, para el per\u00edodo 2007-2010, de la madera autorizada para aprovechamiento, el 58,5% correspondi\u00f3 a plantaciones forestales, el 14,1% a bosques naturales y el 35,7% a \u00e1rboles regenerados naturalmente en cultivos o potreros y a \u00e1rboles relictos (Palacios y Quiroz, 2012).<\/p>\n\n\n\n<p>En t\u00e9rminos macroecon\u00f3micos, la contribuci\u00f3n del subsector forestal a la econom\u00eda nacional por lo general no refleja la contribuci\u00f3n real de este subsector a la econom\u00eda, dado que en la metodolog\u00eda del Sistema de Cuentas Nacionales (SCN), no se incorpora adecuadamente a varios productos como fuentes de agua, biodiversidad, secuestro de carbono (Carri\u00f3n y Ch\u00edu, 2011).<\/p>\n\n\n\n<p>Con la Constituci\u00f3n del a\u00f1o 2.008 que declara a los recursos forestales y a la biodiversidad como recursos estrat\u00e9gicos, frente a la necesidad del pa\u00eds de dar respuestas al cambio clim\u00e1tico. Adem\u00e1s de haber formulado incentivos a nivel nacional a trav\u00e9s de planes y programas como el Programa Socio Bosque que motivan la restauraci\u00f3n forestal en el pa\u00eds. En base a lo expuesto, la provincia de Napo tiene como objetivo principal promover la conservaci\u00f3n y uso sostenible de la biodiversidad, detener y revertir la degradaci\u00f3n de tierras y la deforestaci\u00f3n, y mejorar el manejo de los bosques en de la provincia.<\/p>\n\n\n\n<p>Dentro de las metas principales al 2019 se ha propuesto restaurar 1.500 hect\u00e1reas a trav\u00e9s de estrategias de coordinaci\u00f3n y articulaci\u00f3n que promueven el trabajo interinstitucional y complementario entre los diversos actores de la gesti\u00f3n forestal de la provincia.<\/p>\n\n\n\n<p>Para guiar el proceso de restauraci\u00f3n forestal ha generado una propuesta Metodol\u00f3gica y Tecnol\u00f3gica de Restauraci\u00f3n Forestal que ayuda a mejorar los ecosistemas y servicios ambientales existentes, as\u00ed como a proteger y conservar las \u00e1reas restauradas.<\/p>\n\n\n\n<p>Se utilizan herramientas de monitoreo de \u00e1reas, en donde se recopila la informaci\u00f3n y genera informes con diversas variables del proceso, como el presente reporte de \u00e1reas restauradas en Napo a nivel cantonal y parroquial, por tipo de restauraci\u00f3n (activa y pasiva) y nivel de implementaci\u00f3n (individual o colectiva\/comunitaria).<\/p>\n<\/div>\n","protected":false},"excerpt":{"rendered":"<p>El Ecuador es excepcionalmente rico por la diversidad de ecosistemas que posee y por la presencia de una importante masa boscosa en diferentes ubicaciones geogr\u00e1ficas, que le permiten ser uno de los pa\u00edses m\u00e1s diversos del planeta. Sin embargo, la carente aplicaci\u00f3n de pol\u00edticas consistentes respecto a la conservaci\u00f3n y al manejo de los bosques [&hellip;]<\/p>\n","protected":false},"author":1,"featured_media":0,"parent":0,"menu_order":0,"comment_status":"closed","ping_status":"closed","template":"wp-custom-template-manejo-forestal-sostenible-template","meta":{"footnotes":""},"class_list":["post-644","page","type-page","status-publish","hentry"],"_links":{"self":[{"href":"https:\/\/info.napo.gob.ec\/index.php?rest_route=\/wp\/v2\/pages\/644","targetHints":{"allow":["GET"]}}],"collection":[{"href":"https:\/\/info.napo.gob.ec\/index.php?rest_route=\/wp\/v2\/pages"}],"about":[{"href":"https:\/\/info.napo.gob.ec\/index.php?rest_route=\/wp\/v2\/types\/page"}],"author":[{"embeddable":true,"href":"https:\/\/info.napo.gob.ec\/index.php?rest_route=\/wp\/v2\/users\/1"}],"replies":[{"embeddable":true,"href":"https:\/\/info.napo.gob.ec\/index.php?rest_route=%2Fwp%2Fv2%2Fcomments&post=644"}],"version-history":[{"count":6,"href":"https:\/\/info.napo.gob.ec\/index.php?rest_route=\/wp\/v2\/pages\/644\/revisions"}],"predecessor-version":[{"id":1798,"href":"https:\/\/info.napo.gob.ec\/index.php?rest_route=\/wp\/v2\/pages\/644\/revisions\/1798"}],"wp:attachment":[{"href":"https:\/\/info.napo.gob.ec\/index.php?rest_route=%2Fwp%2Fv2%2Fmedia&parent=644"}],"curies":[{"name":"wp","href":"https:\/\/api.w.org\/{rel}","templated":true}]}}