{"id":9,"date":"2022-06-02T14:34:39","date_gmt":"2022-06-02T19:34:39","guid":{"rendered":"https:\/\/info.napo.gob.ec\/?page_id=9"},"modified":"2022-07-20T16:11:48","modified_gmt":"2022-07-20T21:11:48","slug":"gestion-interinstitucional-de-los-recursos-naturales-y-la-biosfera","status":"publish","type":"page","link":"https:\/\/info.napo.gob.ec\/?page_id=9","title":{"rendered":"Gesti\u00f3n interinstitucional de los recursos naturales y la bi\u00f3sfera"},"content":{"rendered":"\n<div class=\"wp-block-cover alignfull\"><span aria-hidden=\"true\" class=\"wp-block-cover__background has-background-dim\"><\/span><img loading=\"lazy\" decoding=\"async\" width=\"1600\" height=\"974\" class=\"wp-block-cover__image-background wp-image-1764\" alt=\"\" src=\"https:\/\/info.napo.gob.ec\/wp-content\/uploads\/2022\/07\/banner_slider_1.jpg\" data-object-fit=\"cover\" srcset=\"https:\/\/info.napo.gob.ec\/wp-content\/uploads\/2022\/07\/banner_slider_1.jpg 1600w, https:\/\/info.napo.gob.ec\/wp-content\/uploads\/2022\/07\/banner_slider_1-300x183.jpg 300w, https:\/\/info.napo.gob.ec\/wp-content\/uploads\/2022\/07\/banner_slider_1-1024x623.jpg 1024w, https:\/\/info.napo.gob.ec\/wp-content\/uploads\/2022\/07\/banner_slider_1-768x468.jpg 768w, https:\/\/info.napo.gob.ec\/wp-content\/uploads\/2022\/07\/banner_slider_1-1536x935.jpg 1536w\" sizes=\"auto, (max-width: 1600px) 100vw, 1600px\" \/><div class=\"wp-block-cover__inner-container is-layout-flow wp-block-cover-is-layout-flow\">\n<p class=\"has-text-align-center has-large-font-size\"><strong>Gesti\u00f3n interinstitucional de los recursos naturales y la bi\u00f3sfera<\/strong><\/p>\n\n\n\n<p>Espacios interinstitucionales para facilitar la comunicaci\u00f3n entre actores, coordinaci\u00f3n y articulaci\u00f3n de actividades, y consenso en la toma de decisiones, alrededor de las \u00e1reas protegidas, ganader\u00eda, cacao, naranjilla, bosques y turismo en la provincia de Napo.<\/p>\n<\/div><\/div>\n\n\n\n<div class=\"wp-block-cover alignfull is-light\"><span aria-hidden=\"true\" class=\"wp-block-cover__background has-background-dim\"><\/span><img loading=\"lazy\" decoding=\"async\" width=\"1600\" height=\"974\" class=\"wp-block-cover__image-background wp-image-1771\" alt=\"\" src=\"https:\/\/info.napo.gob.ec\/wp-content\/uploads\/2022\/07\/banner_slider_2.jpg\" data-object-fit=\"cover\" srcset=\"https:\/\/info.napo.gob.ec\/wp-content\/uploads\/2022\/07\/banner_slider_2.jpg 1600w, https:\/\/info.napo.gob.ec\/wp-content\/uploads\/2022\/07\/banner_slider_2-300x183.jpg 300w, https:\/\/info.napo.gob.ec\/wp-content\/uploads\/2022\/07\/banner_slider_2-1024x623.jpg 1024w, https:\/\/info.napo.gob.ec\/wp-content\/uploads\/2022\/07\/banner_slider_2-768x468.jpg 768w, https:\/\/info.napo.gob.ec\/wp-content\/uploads\/2022\/07\/banner_slider_2-1536x935.jpg 1536w\" sizes=\"auto, (max-width: 1600px) 100vw, 1600px\" \/><div class=\"wp-block-cover__inner-container is-layout-flow wp-block-cover-is-layout-flow\">\n<p class=\"has-text-align-center has-background-color has-text-color has-large-font-size\"><strong>\u00bfC\u00f3mo manejar temas de concertaci\u00f3n?<\/strong><\/p>\n\n\n\n<p class=\"has-background-color has-text-color\">Para llegar a concertar estos temas se utilizan diversos instrumentos de gesti\u00f3n del territorio como: planes de manejo, planes de ordenamiento territorial, planes de manejo de cuencas y otros m\u00e1s.<\/p>\n<\/div><\/div>\n\n\n\n<div class=\"wp-block-group alignwide is-layout-flow wp-block-group-is-layout-flow\">\n<p style=\"text-transform:uppercase\">Latest posts<\/p>\n\n\n\n<div class=\"wp-block-query is-layout-flow wp-block-query-is-layout-flow\"><ul class=\"is-flex-container columns-3 wp-block-post-template is-layout-flow wp-block-post-template-is-layout-flow\"><li class=\"wp-block-post post-2887 post type-post status-publish format-standard has-post-thumbnail hentry category-noticias\">\n<figure style=\"height:310px;\" class=\"wp-block-post-featured-image\"><a href=\"https:\/\/info.napo.gob.ec\/?p=2887\" target=\"_self\"  style=\"height:310px\"><img loading=\"lazy\" decoding=\"async\" width=\"1600\" height=\"737\" src=\"https:\/\/info.napo.gob.ec\/wp-content\/uploads\/2025\/12\/foto1.jpg\" class=\"attachment-post-thumbnail size-post-thumbnail wp-post-image\" alt=\"Segundo Taller: \u00abSocializaci\u00f3n del borrador del Plan de Gesti\u00f3n de la Reserva de Bi\u00f3sfera Sumaco (RBS)\u00bb\" style=\"height:310px;object-fit:cover;\" srcset=\"https:\/\/info.napo.gob.ec\/wp-content\/uploads\/2025\/12\/foto1.jpg 1600w, https:\/\/info.napo.gob.ec\/wp-content\/uploads\/2025\/12\/foto1-300x138.jpg 300w, https:\/\/info.napo.gob.ec\/wp-content\/uploads\/2025\/12\/foto1-1024x472.jpg 1024w, https:\/\/info.napo.gob.ec\/wp-content\/uploads\/2025\/12\/foto1-768x354.jpg 768w, https:\/\/info.napo.gob.ec\/wp-content\/uploads\/2025\/12\/foto1-1536x708.jpg 1536w\" sizes=\"auto, (max-width: 1600px) 100vw, 1600px\" \/><\/a><\/figure>\n\n<h2 class=\"wp-block-post-title has-large-font-size\"><a href=\"https:\/\/info.napo.gob.ec\/?p=2887\" target=\"_self\" >Segundo Taller: \u00abSocializaci\u00f3n del borrador del Plan de Gesti\u00f3n de la Reserva de Bi\u00f3sfera Sumaco (RBS)\u00bb<\/a><\/h2>\n\n<div class=\"wp-block-post-excerpt\"><p class=\"wp-block-post-excerpt__excerpt\">El FODESNA particip\u00f3 en el Segundo Taller: \u00abSocializaci\u00f3n del borrador del Plan de Gesti\u00f3n de la Reserva de Bi\u00f3sfera Sumaco (RBS)\u00bb, que comprende la elaboraci\u00f3n del Modelo de Gesti\u00f3n y del Estatuto de la RBS. Evento coordinado por la Universidad T\u00e9cnica Particular de Loja (UTPL), con el Ministerio de Ambiente y Energ\u00eda (MAE) y la&hellip; <\/p><\/div>\n\n<div class=\"wp-block-post-date has-small-font-size\"><time datetime=\"2025-11-27T09:13:00-05:00\">27 de noviembre de 2025<\/time><\/div>\n<\/li><li class=\"wp-block-post post-2891 post type-post status-publish format-standard has-post-thumbnail hentry category-noticias\">\n<figure style=\"height:310px;\" class=\"wp-block-post-featured-image\"><a href=\"https:\/\/info.napo.gob.ec\/?p=2891\" target=\"_self\"  style=\"height:310px\"><img loading=\"lazy\" decoding=\"async\" width=\"1600\" height=\"1200\" src=\"https:\/\/info.napo.gob.ec\/wp-content\/uploads\/2025\/12\/foto1-1.jpg\" class=\"attachment-post-thumbnail size-post-thumbnail wp-post-image\" alt=\"Encuentro de Fondos de Agua del Ecuador\" style=\"height:310px;object-fit:cover;\" srcset=\"https:\/\/info.napo.gob.ec\/wp-content\/uploads\/2025\/12\/foto1-1.jpg 1600w, https:\/\/info.napo.gob.ec\/wp-content\/uploads\/2025\/12\/foto1-1-300x225.jpg 300w, https:\/\/info.napo.gob.ec\/wp-content\/uploads\/2025\/12\/foto1-1-1024x768.jpg 1024w, https:\/\/info.napo.gob.ec\/wp-content\/uploads\/2025\/12\/foto1-1-768x576.jpg 768w, https:\/\/info.napo.gob.ec\/wp-content\/uploads\/2025\/12\/foto1-1-1536x1152.jpg 1536w\" sizes=\"auto, (max-width: 1600px) 100vw, 1600px\" \/><\/a><\/figure>\n\n<h2 class=\"wp-block-post-title has-large-font-size\"><a href=\"https:\/\/info.napo.gob.ec\/?p=2891\" target=\"_self\" >Encuentro de Fondos de Agua del Ecuador<\/a><\/h2>\n\n<div class=\"wp-block-post-excerpt\"><p class=\"wp-block-post-excerpt__excerpt\">El 21 y 22 de octubre Cuenca fue el escenario del Encuentro de Fondos de Agua del Ecuador.La Secretaria T\u00e9cnica del FODESNA, Ing. Patricia Garc\u00eda, particip\u00f3 en el Taller de Fondos de Agua 2025 con la presentaci\u00f3n del funcionamiento, alcance geogr\u00e1fico, l\u00edneas de acci\u00f3n, logros y desaf\u00edos del Fondo de Desarrollo Sostenible y Conservaci\u00f3n del&hellip; <\/p><\/div>\n\n<div class=\"wp-block-post-date has-small-font-size\"><time datetime=\"2025-11-27T09:05:00-05:00\">27 de noviembre de 2025<\/time><\/div>\n<\/li><li class=\"wp-block-post post-2898 post type-post status-publish format-standard has-post-thumbnail hentry category-noticias\">\n<figure style=\"height:310px;\" class=\"wp-block-post-featured-image\"><a href=\"https:\/\/info.napo.gob.ec\/?p=2898\" target=\"_self\"  style=\"height:310px\"><img loading=\"lazy\" decoding=\"async\" width=\"2048\" height=\"1387\" src=\"https:\/\/info.napo.gob.ec\/wp-content\/uploads\/2025\/12\/foto1-2.jpg\" class=\"attachment-post-thumbnail size-post-thumbnail wp-post-image\" alt=\"AVANCES EN LA DIGITALIZACI\u00d3N DEL SELLO CHAKRA AMAZ\u00d3NICA\" style=\"height:310px;object-fit:cover;\" srcset=\"https:\/\/info.napo.gob.ec\/wp-content\/uploads\/2025\/12\/foto1-2.jpg 2048w, https:\/\/info.napo.gob.ec\/wp-content\/uploads\/2025\/12\/foto1-2-300x203.jpg 300w, https:\/\/info.napo.gob.ec\/wp-content\/uploads\/2025\/12\/foto1-2-1024x694.jpg 1024w, https:\/\/info.napo.gob.ec\/wp-content\/uploads\/2025\/12\/foto1-2-768x520.jpg 768w, https:\/\/info.napo.gob.ec\/wp-content\/uploads\/2025\/12\/foto1-2-1536x1040.jpg 1536w\" sizes=\"auto, (max-width: 2048px) 100vw, 2048px\" \/><\/a><\/figure>\n\n<h2 class=\"wp-block-post-title has-large-font-size\"><a href=\"https:\/\/info.napo.gob.ec\/?p=2898\" target=\"_self\" >AVANCES EN LA DIGITALIZACI\u00d3N DEL SELLO CHAKRA AMAZ\u00d3NICA<\/a><\/h2>\n\n<div class=\"wp-block-post-excerpt\"><p class=\"wp-block-post-excerpt__excerpt\">El FODESNA prest\u00f3 acompa\u00f1amiento al Comit\u00e9 de \u00c9tica en los AVANCES EN LA DIGITALIZACI\u00d3N DEL SELLO CHAKRA AMAZ\u00d3NICA <\/p><\/div>\n\n<div class=\"wp-block-post-date has-small-font-size\"><time datetime=\"2025-11-27T08:46:00-05:00\">27 de noviembre de 2025<\/time><\/div>\n<\/li><\/ul><\/div>\n<\/div>\n","protected":false},"excerpt":{"rendered":"<p>Latest posts<\/p>\n","protected":false},"author":1,"featured_media":0,"parent":0,"menu_order":0,"comment_status":"closed","ping_status":"closed","template":"wp-custom-template-gestion-interinstitucional","meta":{"footnotes":""},"class_list":["post-9","page","type-page","status-publish","hentry"],"_links":{"self":[{"href":"https:\/\/info.napo.gob.ec\/index.php?rest_route=\/wp\/v2\/pages\/9","targetHints":{"allow":["GET"]}}],"collection":[{"href":"https:\/\/info.napo.gob.ec\/index.php?rest_route=\/wp\/v2\/pages"}],"about":[{"href":"https:\/\/info.napo.gob.ec\/index.php?rest_route=\/wp\/v2\/types\/page"}],"author":[{"embeddable":true,"href":"https:\/\/info.napo.gob.ec\/index.php?rest_route=\/wp\/v2\/users\/1"}],"replies":[{"embeddable":true,"href":"https:\/\/info.napo.gob.ec\/index.php?rest_route=%2Fwp%2Fv2%2Fcomments&post=9"}],"version-history":[{"count":10,"href":"https:\/\/info.napo.gob.ec\/index.php?rest_route=\/wp\/v2\/pages\/9\/revisions"}],"predecessor-version":[{"id":1776,"href":"https:\/\/info.napo.gob.ec\/index.php?rest_route=\/wp\/v2\/pages\/9\/revisions\/1776"}],"wp:attachment":[{"href":"https:\/\/info.napo.gob.ec\/index.php?rest_route=%2Fwp%2Fv2%2Fmedia&parent=9"}],"curies":[{"name":"wp","href":"https:\/\/api.w.org\/{rel}","templated":true}]}}